{"id":381,"date":"2017-10-30T10:42:57","date_gmt":"2017-10-30T10:42:57","guid":{"rendered":"https:\/\/ceccararad.ro\/ro\/?page_id=381"},"modified":"2019-11-14T12:37:52","modified_gmt":"2019-11-14T10:37:52","slug":"evenimente","status":"publish","type":"page","link":"https:\/\/ceccargorj.ro\/ro\/evenimente\/","title":{"rendered":"Evenimente"},"content":{"rendered":"<section   class=\"fw-main-row  auto  fw-section-position-back\"    >\n\t\t\t<div class=\"fw-container\" >\n\t\t<div class=\"fw-row\">\n\t<div id=\"column-69e0120a346f1\" class=\"fw-col-sm-12 tf-sh-2d6908ceb28c160426878497d8edb2f5\" >\n\t<div class=\"fw-wrap-col-inner clearfix  \"   >\n\t\t\t\t<div class=\"fw-col-inner\">\n\t\t\t<div class=\"fw-text-box tf-sh-d6814657c82f87ec9b13d2c144d6f523 \" >\n\t<div class=\"fw-text-inner\">\n\t\t<p><strong>Evenimente<\/strong><\/p>\n\t<\/div>\n<\/div><div class=\"fw-divider-space space-sm  clearfix\"  ><\/div>\t\t<\/div>\n\t<\/div>\n<\/div><\/div>\n\n<div class=\"fw-row\">\n\t<div id=\"column-69e0120a350ed\" class=\"fw-col-sm-4 tf-sh-bd971c0237e3594be43b5164fe4c59e7\" >\n\t<div class=\"fw-wrap-col-inner clearfix  \"   >\n\t\t\t\t<div class=\"fw-col-inner\">\n\t\t\t\t<a href=\"https:\/\/ceccargorj.ro\/ro\/evenimente\/ziua-nationala-a-contabilului-roman\/\" target=\"_self\" class=\"fw-btn tf-sh-0f64ed9930a653397a03dfd778b79fc1 fw-btn-full fw-btn-lg   fw-btn-1\"  style=\"\">\n\t\t<span >\n\t\t\tZiua Na\u0163ional\u0103 a Contabilului Rom\u00e2n\t\t<\/span>\n\t<\/a>\n\t\t<\/div>\n\t<\/div>\n<\/div><div id=\"column-69e0120a35589\" class=\"fw-col-sm-4 tf-sh-fa75a468dcf3a7e2e398468327ea1950\" >\n\t<div class=\"fw-wrap-col-inner clearfix  \"   >\n\t\t\t\t<div class=\"fw-col-inner\">\n\t\t\t\t<a href=\"https:\/\/ceccargorj.ro\/ro\/evenimente\/balul-profesiei-contabile\/\" target=\"_self\" class=\"fw-btn tf-sh-7f9ad38250def13d67f913415345eb96 fw-btn-full fw-btn-lg   fw-btn-1\"  style=\"\">\n\t\t<span >\n\t\t\tBalul profesiei contabile\t\t<\/span>\n\t<\/a>\n\t\t<\/div>\n\t<\/div>\n<\/div><\/div>\n\n<div class=\"fw-row\">\n\t<div id=\"column-69e0120a35ada\" class=\"fw-col-sm-12 tf-sh-4cfd0463b20324ad51a76e929d7f3801\" >\n\t<div class=\"fw-wrap-col-inner clearfix  \"   >\n\t\t\t\t<div class=\"fw-col-inner\">\n\t\t\t<div class=\"fw-divider-space space-md  clearfix\"  ><\/div>\t\t<\/div>\n\t<\/div>\n<\/div><\/div>\n\n\t<\/div>\n\t<\/section>\n","protected":false},"excerpt":{"rendered":"<p>Evenimente Ziua Na\u0163ional\u0103 a Contabilului Rom\u00e2n Balul profesiei contabile<\/p>\n","protected":false},"author":1,"featured_media":0,"parent":0,"menu_order":0,"comment_status":"closed","ping_status":"closed","template":"visual-builder-template.php","meta":{"footnotes":""},"class_list":["post-381","page","type-page","status-publish","hentry"],"brizy_media":[],"_links":{"self":[{"href":"https:\/\/ceccargorj.ro\/ro\/wp-json\/wp\/v2\/pages\/381","targetHints":{"allow":["GET"]}}],"collection":[{"href":"https:\/\/ceccargorj.ro\/ro\/wp-json\/wp\/v2\/pages"}],"about":[{"href":"https:\/\/ceccargorj.ro\/ro\/wp-json\/wp\/v2\/types\/page"}],"author":[{"embeddable":true,"href":"https:\/\/ceccargorj.ro\/ro\/wp-json\/wp\/v2\/users\/1"}],"replies":[{"embeddable":true,"href":"https:\/\/ceccargorj.ro\/ro\/wp-json\/wp\/v2\/comments?post=381"}],"version-history":[{"count":8,"href":"https:\/\/ceccargorj.ro\/ro\/wp-json\/wp\/v2\/pages\/381\/revisions"}],"predecessor-version":[{"id":1783,"href":"https:\/\/ceccargorj.ro\/ro\/wp-json\/wp\/v2\/pages\/381\/revisions\/1783"}],"wp:attachment":[{"href":"https:\/\/ceccargorj.ro\/ro\/wp-json\/wp\/v2\/media?parent=381"}],"curies":[{"name":"wp","href":"https:\/\/api.w.org\/{rel}","templated":true}]}}