{"id":334,"date":"2017-10-30T10:02:07","date_gmt":"2017-10-30T10:02:07","guid":{"rendered":"https:\/\/ceccararad.ro\/ro\/?page_id=334"},"modified":"2025-01-17T15:02:24","modified_gmt":"2025-01-17T13:02:24","slug":"inscrierea-societatilor-de-expertiza-contabila-si-contabilitate","status":"publish","type":"page","link":"https:\/\/ceccargorj.ro\/ro\/membri\/autorizarea-si-activitatea-societatilor-de-expertiza-contabila-si-contabilitate\/inscrierea-societatilor-de-expertiza-contabila-si-contabilitate\/","title":{"rendered":"\u00censcrierea societ\u0103\u0163ilor"},"content":{"rendered":"<section   class=\"fw-main-row  auto  fw-section-position-back\"    >\n\t\t\t<div class=\"fw-container\" >\n\t\t<div class=\"fw-row\">\n\t<div id=\"column-69e0171350057\" class=\"fw-col-sm-12 tf-sh-4bf7de7076824fb4c351a6d1039d0743\" >\n\t<div class=\"fw-wrap-col-inner clearfix  \"   >\n\t\t\t\t<div class=\"fw-col-inner\">\n\t\t\t<div class=\"fw-text-box tf-sh-b4a496c23a94b122350f1c9e2210e50c \" >\n\t<div class=\"fw-text-inner\">\n\t\t<p><strong><span style=\"font-size: 12pt;\">\u00censcrierea societ\u0103\u0163ilor<\/span><\/strong><\/p>\n\t<\/div>\n<\/div><div class=\"fw-divider-space space-sm  clearfix\"  ><\/div><div class=\"tf-sh-435841a89aa1e8b5e1a52a967d0eb145 fw-tabs fw-tabs-minimal fw-tabs-top \" >\n\t<ul class=\"nav nav-tabs nav-justified\">\n\t\t\t\t\t<li class=\"active\">\n\t\t\t\t<a href=\"#tab-cont-435841a89aa1e8b5e1a52a967d0eb145-1\" data-toggle=\"tab\">\n\t\t\t\t\t\n\t\t\t\t\t\t\t\t\t\t<span>Eliberarea avizului de principiu necesar \u00eenscrierii societ\u0103\u021bii la ONRC<\/span>\n\t\t\t\t<\/a>\n\t\t\t<\/li>\n\t\t\t\t\t\t\t\t<li >\n\t\t\t\t<a href=\"#tab-cont-435841a89aa1e8b5e1a52a967d0eb145-2\" data-toggle=\"tab\">\n\t\t\t\t\t\n\t\t\t\t\t\t\t\t\t\t<span>Condi\u021bii pentru \u00eenscrierea societ\u0103\u021bilor<\/span>\n\t\t\t\t<\/a>\n\t\t\t<\/li>\n\t\t\t\t\t\t\t\t<li >\n\t\t\t\t<a href=\"#tab-cont-435841a89aa1e8b5e1a52a967d0eb145-3\" data-toggle=\"tab\">\n\t\t\t\t\t\n\t\t\t\t\t\t\t\t\t\t<span>Con\u021binut dosarului de \u00eenscriere <\/span>\n\t\t\t\t<\/a>\n\t\t\t<\/li>\n\t\t\t\t\t\t\t\t<li >\n\t\t\t\t<a href=\"#tab-cont-435841a89aa1e8b5e1a52a967d0eb145-4\" data-toggle=\"tab\">\n\t\t\t\t\t\n\t\t\t\t\t\t\t\t\t\t<span>Formularele necesare \u00eenfiin\u021b\u0103rii\/modific\u0103rii societ\u0103\u021bilor<\/span>\n\t\t\t\t<\/a>\n\t\t\t<\/li>\n\t\t\t\t\t\t<\/ul>\n\n\t<div class=\"tab-content clearfix\">\n\t\t\t\t\t<div id=\"tab-cont-435841a89aa1e8b5e1a52a967d0eb145-1\"\n\t\t\t     class=\"tab-pane fade in active\">\n\t\t\t\t\n\t\t\t\t\t\t\t\t\t<p style=\"text-align: justify;\"><strong>Extras din Metodologia pentru eviden\u021ba Avizului de principiu conform prevederilor art. 9 \u0219i art. 11 din OG nr. 65\/1994 republicat\u0103, cu modific\u0103rile \u0219i complet\u0103rile ulterioare<\/strong><\/p><p style=\"text-align: justify;\"><strong>Art. 3<\/strong> \u00cen vederea \u00eenregistr\u0103rii societ\u0103\u0163ii de expertiz\u0103 contabil\u0103\/contabilitate la Oficiul Registrului Comer\u0163ului sau pentru orice modificare a condi\u0163iilor prev\u0103zute la art. 1 sau art. 2, structura de administrare a societ\u0103\u0163ii, prin administratorul\/ac\u0163ionarul\/asociatul expert contabil pentru societ\u0103\u021bile de expertiz\u0103 contabil\u0103 sau contabil autorizat pentru societ\u0103\u021bile de contabilitate, desemnat prin \u00eemputernicire semnat\u0103 de to\u0163i ac\u0163ionarii\/asocia\u0163ii ca reprezentant al societ\u0103\u021bii, solicit\u0103 avizul de principiu al Corpului Exper\u021bilor Contabili \u0219i Contabililor Autoriza\u021bi din Rom\u00e2nia. \u00cen acest sens se completeaz\u0103 o cerere conform anexei 1.a \/ 1.b, dup\u0103 caz, care va fi depus\u0103 la sediul filialei CECCAR, din jude\u021bul \u00een care se va constitui societatea. \u00cen cazul constituirii unei societ\u0103\u0163i, cererea va fi \u00eenso\u021bit\u0103 de \u00cemputernicirea \u00een original pentru reprezentanul societ\u0103\u0163ii, de originalul Actului constitutiv \u0219i o copie a acestuia certificat\u0103 prin semn\u0103tura reprezentantului societ\u0103\u021bii cu men\u021biunea \u201cconform cu originalul\u201d, pe fiecare pagin\u0103. \u00cen cazul modific\u0103rii actului constitutiv al unei societ\u0103\u0163i, cererea va fi \u00eenso\u021bit\u0103 de \u00cemputernicirea \u00een original pentru reprezentantul societ\u0103\u0163ii, de originalul Actului constitutiv ini\u0163ial \u015fi a celui modificat \u0219i o copie a Actului constitutiv modificat certificat\u0103 prin semn\u0103tura reprezentantului societ\u0103\u021bii cu men\u021biunea \u201cconform cu originalul\u201d, pe fiecare pagin\u0103. (\u2026).<\/p><p style=\"text-align: justify;\"><strong>Art. 9<\/strong> \u00cen cazul neutiliz\u0103rii Avizului de principiu, respectiv dac\u0103 \u00een termen de maxim 30 de zile de la data emiterii nu s-a solicitat \u00eenregistrarea societ\u0103\u021bii la Oficiul Registrul Comer\u021bului \u0219i \u00een termen de 45 de zile de la data emiterii nu s-a solicitat autorizarea societ\u0103\u021bii la CECCAR, administratorul\/ asocia\u021bii exper\u021bi contabili\/contabili autoriza\u021bi societ\u0103\u021bii, \u00een termen de 60 de zile de la data emiterii trebuie s\u0103 predea originalul la filiala CECCAR care l-a eliberat. \u00cen acest sens, directorul executiv al filialei sau persoana desemnat\u0103 prin Hot\u0103r\u00e2rea Consiliului Filialei vadepune toate diligen\u021bele necesare \u00een vederea recuper\u0103rii Avizului de principiu \u00een original. Dup\u0103 recuperarea acestuia directorul executiv al filialei sau persoana desemnat\u0103 prin Hot\u0103r\u00e2rea Consiliului Filialei va proceda la anularea Avizul de principiu \u0219i la arhivarea acestuia. Totodat\u0103 se va elibera persoanei de la care s-a realizat recuperarea Avizului de principiu \u00een original o dovad\u0103 a pred\u0103rii acestuia la filiala CECCAR. (\u2026).<\/p><p style=\"text-align: justify;\"><strong>Art. 12 <\/strong>Nerespectarea prevederilor prezentei metodologii constituie abatere disciplinar\u0103 grav\u0103 \u0219i atrage r\u0103spunderea disciplinar\u0103 a administratorilor \u0219i asocia\u021bilor exper\u021bi contabili\/contabili autoriza\u021bi ai societ\u0103\u021bii. \u00cen cazul \u00een care asociatul este o persoan\u0103 juridic\u0103 membr\u0103 CECCAR, r\u0103spunderea disciplinar\u0103 va fi atras\u0103 \u0219i asupra administratorilor \u0219i asocia\u021bilor exper\u021bi contabili\/contabili autoriza\u021bi ai acesteia, dup\u0103 caz. (\u2026).<\/p>\t\t\t\t\t\t\t<\/div>\n\t\t\t\t\t\t<div id=\"tab-cont-435841a89aa1e8b5e1a52a967d0eb145-2\"\n\t\t\t     class=\"tab-pane fade \">\n\t\t\t\t\n\t\t\t\t\t\t\t\t\t<header><strong>Art. 1<\/strong> \u00cen conformitate cu prevederile art. 9 din OG 65\/1994, republicat\u0103, cu modific\u0103rile \u0219i complet\u0103rile ulterioare, societ\u0103\u021bile de expertiz\u0103 contabil\u0103 trebuie s\u0103 \u00eendeplineasc\u0103 urm\u0103toarele condi\u0163ii:<\/p><ol style=\"list-style-type: lower-alpha;\"><li>societatea s\u0103 aib\u0103 ca obiect de activitate principal exercitarea profesiei de expert contabil (cod CAEN 6920), iar activit\u0103\u0163ile secundare s\u0103 fie conforme prevederilor prezentei ordonan\u0163e \u0219i\u00a0reglement\u0103rilor Corpului Exper\u021bilor Contabili \u0219i Contabililor Autoriza\u021bi din Rom\u00e2nia <a href=\"https:\/\/ceccargorj.ro\/ro\/wp-content\/uploads\/2019\/11\/CODURI-CAEN-actualizate-25_09_2019.pdf\"><strong>(Anex\u0103)<\/strong><\/a>;<\/li><li>majoritatea ac\u0163iunilor sau a p\u0103r\u0163ilor sociale s\u0103 fie de\u021binut\u0103 de exper\u0163i contabili;<\/li><li>structura de administrare a societ\u0103\u0163ii, conform Legii societ\u0103\u0163ilor nr. 31\/1990, s\u0103 fie aleas\u0103 \u00een\u00a0majoritate dintre ac\u0163ionarii sau asocia\u0163ii exper\u0163i contabili;<\/li><li>ac\u0163iunile s\u0103 fie nominative \u015fi orice nou asociat sau ac\u0163ionar s\u0103 fie admis de adunarea\u00a0general\u0103;<\/li><li>modul de distribuire a beneficiilor \u0219i de suportare a pierderilor s\u0103 se fac\u0103 potrivit ponderilor ac\u0163iunilor sau p\u0103r\u0163ilor sociale de\u021binute de ac\u0163ionari sau asocia\u021bi.<\/li><\/ol><p><strong>Art. 2<\/strong> \u00cen conformitate cu prevederile art. 11 coroborat cu art. 9 din OG nr. 65\/1994, republicat\u0103, cu modific\u0103rile \u0219i complet\u0103rile ulterioare, societ\u0103\u021bile de contabilitate trebuie s\u0103 \u00eendeplineasc\u0103 urm\u0103toarele condi\u0163ii:<\/p><ol style=\"list-style-type: lower-alpha;\"><li>societatea s\u0103 aib\u0103 ca obiect de activitate principal exercitarea profesiei de contabil autorizat\u00a0(cod CAEN 6920), iar activit\u0103\u0163ile secundare s\u0103 fie conforme prevederilor prezentei ordonan\u0163e \u015fi reglement\u0103rilor Corpului Exper\u0163ilor Contabili \u015fi Contabililor Autoriza\u0163i din Rom\u00e2nia;<\/li><li>majoritatea ac\u0163iunilor sau a p\u0103r\u0163ilor sociale s\u0103 fie de\u0163inut\u0103 de contabili autorizati;<\/li><li>structura de administrare a societ\u0103\u0163ii, conform Legii societ\u0103\u0163ilor nr. 31\/1990, republicat\u0103, cu\u00a0modific\u0103rile \u015fi complet\u0103rile ulterioare, s\u0103 fie aleas\u0103 \u00een majoritate dintre ac\u0163ionarii sau asocia\u0163ii\u00a0contabili autorizati;<\/li><li>ac\u0163iunile s\u0103 fie nominative \u015fi orice nou asociat sau ac\u0163ionar s\u0103 fie admis de adunarea\u00a0general\u0103;<\/li><li>modul de distribuire a beneficiilor \u015fi de suportare a pierderilor s\u0103 se fac\u0103 potrivit ponderilor ac\u0163iunilor sau p\u0103r\u0163ilor sociale de\u0163inute de ac\u0163ionari sau asocia\u0163i.<\/li><\/ol><\/header>\t\t\t\t\t\t\t<\/div>\n\t\t\t\t\t\t<div id=\"tab-cont-435841a89aa1e8b5e1a52a967d0eb145-3\"\n\t\t\t     class=\"tab-pane fade \">\n\t\t\t\t\n\t\t\t\t\t\t\t\t\t<header>Dosarul de \u00eenscriere al unei societ\u0103\u0163i de expertiz\u0103 contabil\u0103 trebuie s\u0103 cuprind\u0103, <strong><em>avizul de principiu eliberat de filial\u0103 pentru \u00eenscrierea societ\u0103\u021bii \u00een cauz\u0103 la ONRC<\/em><\/strong>, precum \u0219i urm\u0103toarele documente:<\/p><ul><li>actele societatii \u00een copie xerox conform cu originalul (<strong><em>certificatul de \u00eenregistrare, actul constitutiv, certificatul constatator, \u00eencheierea Directorului Oficiul Registrului Comer\u0163ului\/Rezolu\u0163ia<\/em><\/strong>);<\/li><li>\u00een cazul societ\u0103\u021bilor care se \u00eenscriu \u00een cadrul CECCAR la un interval ce dep\u0103\u0219e\u0219te 30 de zile de la emiterea certificatului de \u00eenregistrare emis de ONRC, se prezint\u0103 obligatoriu documentul emis de ONRC: <strong><em>Furnizare de informa\u021bii\/Furnizare de informa\u021bii cu istoric<\/em><\/strong> (coduri CAEN \u0219i asocia\u021bi\/administratori);<\/li><li>declara\u021bia pe proprie r\u0103spundere, cererea de \u00eenscriere, declara\u021bia privind func\u021bionarea societ\u0103\u021bii de expertiz\u0103 contabil\u0103\/contabilitate \u0219i fi\u0219a pentru societ\u0103\u021bi comerciale completate de reprezentantul legal al societatii, membru al CECCAR <strong><em>(<\/em><a href=\"https:\/\/ceccargorj.ro\/ro\/wp-content\/uploads\/2019\/11\/Formularepj.pdf\"><em>formulare standard anexate<\/em><\/a><em>)<\/em><\/strong><em>;<\/em><\/li><li>actele de identitate ale administratorilor\/asocia\u021bilor societ\u0103\u021bii: <strong><em>copie C.I. \u00een cazul persoanelor fizice \/ copie certificat de \u00eenregistrare \u0219i act constitutiv \u00een cazul persoanelor juridice.<\/em><\/strong><\/li><li>copia <strong><em>carnetului de membru<\/em><\/strong> C.E.C.C.A.R. al reprezentantului legal;<\/li><li><a href=\"https:\/\/ceccargorj.ro\/ro\/membri\/sunt-membru-ceccar\/taxe-si-cotizatii-2\/\">dovada achit\u0103rii taxei de \u00eenscriere \u00een Tabloul Corpului a societ\u0103\u0163ii (150 Euro).<\/a><\/li><\/ul><p><strong>Dosarul complet cuprinz\u00e2nd documenta\u021bia mai sus men\u021bionat\u0103, se prezint\u0103 pentru verificare la Serviciul Eviden\u021b\u0103-Tablou din cadrul Filialei CECCAR.<\/strong><\/p><p>\u00cen baza documenta\u0163iei depuse, dup\u0103 aprobarea \u00eenscrierii societ\u0103\u021bii \u00een Tabloul Corpului, \u00een conformitate cu reglement\u0103rile \u00een vigoare, urmeaz\u0103 a se elibera autoriza\u0163ia de func\u0163ionare.<\/p><p>Serviciile contabile pot fi prestate de societ\u0103\u0163ile de profil \u00een baza avizului anual de exercitarea a profesiei contabile, aviz care se poate ob\u0163ine doar dup\u0103 \u00eendeplinirea cumulativ\u0103 a condi\u0163iilor privind acordarea vizei anuale potrivit reglement\u0103rilor CECCAR.<\/p><\/header>\t\t\t\t\t\t\t<\/div>\n\t\t\t\t\t\t<div id=\"tab-cont-435841a89aa1e8b5e1a52a967d0eb145-4\"\n\t\t\t     class=\"tab-pane fade \">\n\t\t\t\t\n\t\t\t\t\t\t\t\t\t<p><a href=\"https:\/\/ceccargorj.ro\/ro\/wp-content\/uploads\/2025\/01\/Anexa1.b-modificare-Act-constitutiv-2025.pdf\">Modificare act constitutiv<\/a><\/p><p><a href=\"https:\/\/ceccargorj.ro\/ro\/wp-content\/uploads\/2025\/01\/Anexa1.a-constituire-societate-2025-1.pdf\">Constituire societate<\/a><\/p><p><a href=\"https:\/\/ceccargorj.ro\/ro\/wp-content\/uploads\/2025\/01\/Formulare-2025.pdf\">Formulare<\/a><\/p>\t\t\t\t\t\t\t<\/div>\n\t\t\t\t<\/div>\n<\/div><div class=\"fw-divider-space space-sm  clearfix\"  ><\/div>\t\t<\/div>\n\t<\/div>\n<\/div><\/div>\n\n\t<\/div>\n\t<\/section>\n","protected":false},"excerpt":{"rendered":"<p>\u00censcrierea societ\u0103\u0163ilor Eliberarea avizului de principiu necesar \u00eenscrierii societ\u0103\u021bii la ONRC Condi\u021bii pentru \u00eenscrierea societ\u0103\u021bilor Con\u021binut dosarului de \u00eenscriere Formularele necesare \u00eenfiin\u021b\u0103rii\/modific\u0103rii societ\u0103\u021bilor Extras din Metodologia pentru eviden\u021ba Avizului de principiu conform prevederilor art. 9 [&hellip;]<\/p>\n","protected":false},"author":1,"featured_media":0,"parent":332,"menu_order":0,"comment_status":"closed","ping_status":"closed","template":"visual-builder-template.php","meta":{"footnotes":""},"class_list":["post-334","page","type-page","status-publish","hentry"],"brizy_media":[],"_links":{"self":[{"href":"https:\/\/ceccargorj.ro\/ro\/wp-json\/wp\/v2\/pages\/334","targetHints":{"allow":["GET"]}}],"collection":[{"href":"https:\/\/ceccargorj.ro\/ro\/wp-json\/wp\/v2\/pages"}],"about":[{"href":"https:\/\/ceccargorj.ro\/ro\/wp-json\/wp\/v2\/types\/page"}],"author":[{"embeddable":true,"href":"https:\/\/ceccargorj.ro\/ro\/wp-json\/wp\/v2\/users\/1"}],"replies":[{"embeddable":true,"href":"https:\/\/ceccargorj.ro\/ro\/wp-json\/wp\/v2\/comments?post=334"}],"version-history":[{"count":17,"href":"https:\/\/ceccargorj.ro\/ro\/wp-json\/wp\/v2\/pages\/334\/revisions"}],"predecessor-version":[{"id":10329,"href":"https:\/\/ceccargorj.ro\/ro\/wp-json\/wp\/v2\/pages\/334\/revisions\/10329"}],"up":[{"embeddable":true,"href":"https:\/\/ceccargorj.ro\/ro\/wp-json\/wp\/v2\/pages\/332"}],"wp:attachment":[{"href":"https:\/\/ceccargorj.ro\/ro\/wp-json\/wp\/v2\/media?parent=334"}],"curies":[{"name":"wp","href":"https:\/\/api.w.org\/{rel}","templated":true}]}}