{"id":298,"date":"2017-10-30T09:31:48","date_gmt":"2017-10-30T09:31:48","guid":{"rendered":"https:\/\/ceccararad.ro\/ro\/?page_id=298"},"modified":"2021-07-22T10:49:39","modified_gmt":"2021-07-22T08:49:39","slug":"examenul-de-aptitudini","status":"publish","type":"page","link":"https:\/\/ceccargorj.ro\/ro\/membri\/cum-devin-membru-ceccar\/examenul-de-aptitudini\/","title":{"rendered":"Examenul de aptitudini"},"content":{"rendered":"<section   class=\"fw-main-row  auto  fw-section-position-back\"    >\n\t\t\t<div class=\"fw-container\" >\n\t\t<div class=\"fw-row\">\n\t<div id=\"column-69e017393f4ed\" class=\"fw-col-sm-12 tf-sh-4bf7de7076824fb4c351a6d1039d0743\" >\n\t<div class=\"fw-wrap-col-inner clearfix  \"   >\n\t\t\t\t<div class=\"fw-col-inner\">\n\t\t\t<div class=\"fw-text-box tf-sh-b4a496c23a94b122350f1c9e2210e50c \" >\n\t<div class=\"fw-text-inner\">\n\t\t<p><strong><span style=\"font-size: 12pt;\">Examenul de aptitudini<br \/><\/span><\/strong><\/p>\n\t<\/div>\n<\/div><div class=\"fw-divider-space space-sm  clearfix\"  ><\/div><div class=\"tf-sh-435841a89aa1e8b5e1a52a967d0eb145 fw-tabs fw-tabs-minimal fw-tabs-top \" >\n\t<ul class=\"nav nav-tabs nav-justified\">\n\t\t\t\t\t<li class=\"active\">\n\t\t\t\t<a href=\"#tab-cont-435841a89aa1e8b5e1a52a967d0eb145-1\" data-toggle=\"tab\">\n\t\t\t\t\t\n\t\t\t\t\t\t\t\t\t\t<span>Programa aferent\u0103 examenului de aptitudini<\/span>\n\t\t\t\t<\/a>\n\t\t\t<\/li>\n\t\t\t\t\t\t\t\t<li >\n\t\t\t\t<a href=\"#tab-cont-435841a89aa1e8b5e1a52a967d0eb145-2\" data-toggle=\"tab\">\n\t\t\t\t\t\n\t\t\t\t\t\t\t\t\t\t<span>Dosarul de \u00eenscriere la examenul de aptitudini<\/span>\n\t\t\t\t<\/a>\n\t\t\t<\/li>\n\t\t\t\t\t\t\t\t<li >\n\t\t\t\t<a href=\"#tab-cont-435841a89aa1e8b5e1a52a967d0eb145-3\" data-toggle=\"tab\">\n\t\t\t\t\t\n\t\t\t\t\t\t\t\t\t\t<span>Sesiuni de examen de aptitudini<\/span>\n\t\t\t\t<\/a>\n\t\t\t<\/li>\n\t\t\t\t\t\t\t\t<li >\n\t\t\t\t<a href=\"#tab-cont-435841a89aa1e8b5e1a52a967d0eb145-4\" data-toggle=\"tab\">\n\t\t\t\t\t\n\t\t\t\t\t\t\t\t\t\t<span>Regulamentul privind organizarea si desfasurarea examenului de aptitudini<\/span>\n\t\t\t\t<\/a>\n\t\t\t<\/li>\n\t\t\t\t\t\t<\/ul>\n\n\t<div class=\"tab-content clearfix\">\n\t\t\t\t\t<div id=\"tab-cont-435841a89aa1e8b5e1a52a967d0eb145-1\"\n\t\t\t     class=\"tab-pane fade in active\">\n\t\t\t\t\n\t\t\t\t\t\t\t\t\t<ul><li style=\"text-align: justify;\"><a href=\"https:\/\/ceccar.ro\/ro\/wp-content\/uploads\/2020\/09\/EC-Tematica-finala-examen-Aptitudini-sept-2020-aviz-MFP.pdf\" target=\"_blank\" rel=\"noopener\">Programa aferent\u0103 examenului de aptitudini\u00a0\u00een vederea ob\u0163inerii calit\u0103\u0163ii de expert contabil<\/a><\/li><li style=\"text-align: justify;\"><a href=\"https:\/\/ceccar.ro\/ro\/wp-content\/uploads\/2020\/09\/CA-Tematica-Aptitudini-aviz-MFP-sept-2020.pdf\" target=\"_blank\" rel=\"noopener\">Programa aferent\u0103 examenului de aptitudini\u00a0\u00een vederea ob\u0163inerii calit\u0103\u0163ii de contabil autorizat<\/a><\/li><\/ul>\t\t\t\t\t\t\t<\/div>\n\t\t\t\t\t\t<div id=\"tab-cont-435841a89aa1e8b5e1a52a967d0eb145-2\"\n\t\t\t     class=\"tab-pane fade \">\n\t\t\t\t\n\t\t\t\t\t\t\t\t\t<p style=\"text-align: justify;\">Pentru \u00eenscrierea la examenul de aptitudini, stagiarii care \u00eendeplinesc condi\u021biile impuse de reglement\u0103rile \u00een vigoare vor depune, la <a href=\"http:\/\/ceccargorj.ro\/ro\/?page_id=493\">filiala Corpului din raza de domiciliu<\/a>, un dosar cuprinz\u00e2nd:<\/p><ul style=\"text-align: justify;\"><li>certificatul de admitere la stagiu, emis de comisia de examinare pentru accesul la profesie;<\/li><li>certificatul de stagiu;<\/li><li>copie a diplomei de studii economice superioare, respectiv a diplomei de studii medii, recunoscute de Ministerul Educa\u021biei Na\u021bionale;<\/li><li>cerere pentru \u00eenscriere la examenul de aptitudini, adresat\u0103 pre\u0219edintelui filialei Corpului;<\/li><li>copie a actului de identitate (BI\/CI);<\/li><li>certificat de cazier judiciar;<\/li><li>adeverin\u021b\u0103 medical\u0103;<\/li><li>dou\u0103 fotografii tip BI\/CI.<\/li><li>dovada achitarii taxei de \u00eenscriere la examen in cuantum de 175 Euro pentru expert contabil \u015fi 125 Euro pentru contabil autorizat (c\/v \u00een lei la cursul BNR din ziua pl\u0103\u0163ii).<\/li><\/ul><p style=\"text-align: justify;\">Documentele se \u00eendosariaz\u0103 de candidat \u00een ordinea men\u0163ionata mai sus, \u00eentr-un dosar cu \u015fina \u015fi se depune la filiala de domiciliu.<\/p><p style=\"text-align: justify;\">\t\t\t\t\t\t\t<\/div>\n\t\t\t\t\t\t<div id=\"tab-cont-435841a89aa1e8b5e1a52a967d0eb145-3\"\n\t\t\t     class=\"tab-pane fade \">\n\t\t\t\t\n\t\t\t\t\t\t\t\t\t<header class=\"entry-header\"><h5 class=\"entry-title\">Program desfasurare examen aptitudini<\/h5><\/header><div class=\"entry-content clearfix\"><div class=\"fw-page-builder-content\"><section class=\"fw-main-row  auto  fw-section-position-back\"><div class=\"fw-container\"><div class=\"fw-row\"><div id=\"column-5f59cf58ecb71\" class=\"fw-col-sm-12 tf-sh-eea47b58a6fb71b96360af5cbd95fd87\"><div class=\"fw-wrap-col-inner clearfix  \"><div class=\"fw-col-inner\"><div class=\"fw-text-box tf-sh-150eb4b0fa1c96e3de2f6f3c5e40d257 \"><div class=\"fw-text-inner\"><p>Va reamintim ca in cadrul examenului din sesiunea 18 \u2013 20 septembrie 2020 se desfasoara doar probe scrise, pentru promovarea examenului candidatul trebuie s\u0103 ob\u021bin\u0103 minimum nota 7 la fiecare prob\u0103:<\/p><table width=\"627\"><tbody><tr><td rowspan=\"10\" width=\"79\"><strong>Candidat EC<\/strong><\/td><td colspan=\"2\" width=\"434\"><strong>Vineri\u00a0<\/strong><strong>\u2013\u00a018.09.2020<\/strong><\/td><td width=\"114\"><strong>Pondere %<\/strong><\/td><\/tr><tr><td rowspan=\"2\" width=\"202\">16.30\u00a0\u2013\u00a019.30 (3 ore)<\/td><td width=\"232\">Fiscalitate (proba 2)<\/td><td width=\"114\">70%<\/td><\/tr><tr><td width=\"232\">Drept (proba 2)<\/td><td width=\"114\">30%<\/td><\/tr><tr><td colspan=\"2\" width=\"434\"><strong>Sambata \u2013 19.09.2020<\/strong><\/td><td width=\"114\"><\/td><\/tr><tr><td rowspan=\"2\" width=\"202\">10.30 - 13.30 (3 ore)<\/td><td width=\"232\">Contabilitate (proba 1)<\/td><td width=\"114\">50%<\/td><\/tr><tr><td width=\"232\">Etica (proba 1)<\/td><td width=\"114\">10%<\/td><\/tr><tr><td colspan=\"2\" width=\"434\"><strong>Duminica \u2013 20.09.2020<\/strong><\/td><td width=\"114\">-<\/td><\/tr><tr><td rowspan=\"3\" width=\"202\">10.30\u00a0\u2013\u00a013.30 (3 ore)<\/td><td width=\"232\">Audit (proba 1)<\/td><td width=\"114\">15%<\/td><\/tr><tr><td width=\"232\">Evaluare ec (proba 1)<\/td><td width=\"114\">15%<\/td><\/tr><tr><td width=\"232\">Expertiza contabila (proba 1)<\/td><td width=\"114\">10%<\/td><\/tr><tr><td width=\"79\"><strong>\u00a0<\/strong><\/td><td width=\"202\"><\/td><td width=\"232\"><\/td><td width=\"114\"><\/td><\/tr><tr><td rowspan=\"6\" width=\"79\"><strong>Candidat CA<\/strong><\/td><td colspan=\"2\" width=\"434\"><strong>Vineri\u00a0<\/strong><strong>\u2013\u00a018.09.2020<\/strong><\/td><td width=\"114\"><strong>Pondere %<\/strong><\/td><\/tr><tr><td rowspan=\"2\" width=\"202\">16.30 -\u00a019.30 (3 ore)<\/td><td width=\"232\">Fiscalitate (proba 2)<\/td><td width=\"114\">70%<\/td><\/tr><tr><td width=\"232\">Drept (proba 2)<\/td><td width=\"114\">30%<\/td><\/tr><tr><td colspan=\"2\" width=\"434\"><strong>Sambata \u2013 19.09.2020<\/strong><\/td><td width=\"114\"><\/td><\/tr><tr><td rowspan=\"2\" width=\"202\">10.30 - 13.30 (3 ore)<\/td><td width=\"232\">Contabilitate (proba 1)<\/td><td width=\"114\">90%<\/td><\/tr><tr><td width=\"232\">Etica (proba 1)<\/td><td width=\"114\">10%<\/td><\/tr><tr><td><strong>\u00a0<\/strong><\/td><td><\/td><td width=\"232\"><\/td><td width=\"114\"><\/td><\/tr><\/tbody><\/table><\/div><\/div><\/div><\/div><\/div><\/div><\/div><\/section><\/div><\/div><p>&nbsp;<\/p><p style=\"font-weight: 400;\"><strong><u>EXAMEN DE APTITUDINI \u00ceN VEDEREA OB\u021aINERII CALIT\u0102\u021aII DE EXPERT CONTABIL \u0218I DE CONTABIL AUTORIZAT<\/u><\/strong><\/p><p style=\"font-weight: 400;\"><strong>\u00a0<\/strong><\/p><p style=\"font-weight: 400;\">Av\u00e2nd \u00een vedere situa\u021bia\u00a0generat\u0103 de virusul COVID-19\u00a0care a dus la imposibilitatea organiz\u0103rii Examenul de aptitudini, conform Calendarului 2020, \u00een perioada 13 \u2013 15 martie 2020,\u00a0<strong>inten\u021bion\u0103m organizarea acestui examen \u00een perioada 03 \u2013 05 iulie 2020<\/strong>. La aceast\u0103 sesiune\u00a0<strong>pot participa candida\u021bii deja inscri\u0219i, dar \u0219i al\u021bi stagiari care au finalizat stagiul<\/strong>, in acest sens putandu-se face\u00a0<strong>noi \u00eenscrieri p\u00e2n\u0103 la data de 19 iunie 2020<\/strong>.<\/p><p style=\"font-weight: 400;\">Examenul se va organiza cu respectarea normelor de igenizare \u0219i distan\u021bare impuse de autoritati la momentul respectiv \u0219i va avea urm\u0103toarea structur\u0103: vineri 03 iulie 2020 (3 ore), s\u00e2mbat\u0103 04 iulie 2020 (3 ore) \u0219i duminic\u0103 05 iulie 2020 (3 ore).<\/p><p style=\"font-weight: 400;\">V\u0103 rug\u0103m s\u0103 ne confirmati intentia de participare la sesiunea 03 \u2013 05 iulie 2020 a Examenului de aptitudini prin confirmarea formularului de mai jos.<\/p><p style=\"font-weight: 400;\">Pentru sus\u021binerea Examenului de aptitudini, sesiunea iulie 2020, se pot \u00eenscrie stagiari care se \u00eencadreaz\u0103 \u00een perioada de 3 ani de la finalizarea stagiului (\u0219i maxim 5 ani de la finalizarea stagiului cu aprobarea Consiliului superior al CECCAR). De asemenea, la acest examen, se pot \u00eenscrie stagiarii care au finalizat stagiul \u00een baza aprob\u0103rii dosarelor de reducere de stagiu.<\/p><p style=\"font-weight: 400;\"><strong>Con\u021binutul dosarului de \u00eenscriere la examenul de aptitudini\u00a0<\/strong><\/p><p style=\"font-weight: 400;\">Pentru \u00eenscrierea la examenul de aptitudini, stagiarii care \u00eendeplinesc condi\u021biile impuse de reglement\u0103rile \u00een vigoare vor depune, la\u00a0<a href=\"http:\/\/ceccar.ro\/ro\/?page_id=455\">CECCAR<\/a>\u00a0Filiala Gorj, un dosar cuprinz\u00e2nd:<\/p><ul style=\"font-weight: 400;\"><li>certificatul de admitere la stagiu, emis de comisia de examinare pentru accesul la profesie (se elibereaz\u0103 de c\u0103tre filial\u0103), iar pentru stagiarii care au beneficiat de echivalarea accesului la stagiu \u00een baza protocoalelor de master, se va depune scrisoarea de acceptare la stagiu transmisa de catre CECCAR;<\/li><li>certificatul de stagiu (se elibereaz\u0103 de c\u0103tre filial\u0103);<\/li><li>copia diplomei de studii economice superioare, respectiv a diplomei de studii medii, recunoscute de Ministerul Educa\u021biei Na\u021bionale;<\/li><li>cerere pentru \u00eenscriere la examenul de aptitudini, adresat\u0103 pre\u0219edintelui filialei Corpului;<\/li><li>copia actului de identitate (BI\/CI);<\/li><li>certificat de cazier judiciar;<\/li><li>adeverin\u021b\u0103 medical\u0103 - cu men\u021biunea \u201dare capacitatea deplin\u0103 de exercitiu; apt pentru exercitarea profesiei\u201d;<\/li><li>dou\u0103 fotografii tip BI\/CI;<\/li><li>dovada achit\u0103rii taxei de \u00eenscriere la examen \u00een cuantum de 175 Euro pentru expert contabil \u0219i 125 Euro pentru contabil autorizat (c\/v \u00een lei la cursul BNR din ziua pl\u0103\u0163ii). Taxa poate fi achitat\u0103 \u00een contul CECCAR Filiala Gorj<\/li><\/ul><ul><li><\/li><li><\/li><li><strong>Examenul de aptitudini (sesiunea extraordinar\u0103) se va organiza \u00een zilele de 9 noiembrie 2019 (proba scris\u0103) \u015fi 16 noiembrie 2019 (proba oral\u0103).<\/strong><\/li><\/ul><p>In data de 09 noiembrie 2019 se va desfasura proba scris\u0103 \u015fi \u00een data de 16 noiembrie 2019 proba oral\u0103.<br \/>Pentru sus\u021binerea Examenului de aptitudini, sesiunea noiembrie 2019, se pot \u00eenscrie stagiari care se \u00eencadreaza \u00een perioada de 3 ani de la finalizarea stagiului (daca sunt stagiari care dep\u0103\u0219esc cei 3 ani \u0219i maxim 5 ani de la finalizarea stagiului situa\u021bia se supune spre aprobare Consiliului superior al CECCAR).<\/p><ul><li><hr \/><p><strong>Examenul de aptitudini se va organiza, pentru stagiarii care finalizeaz\u0103 stagiul \u00een anul 2019, \u00een perioada ianuarie-februarie 2020.<\/strong><\/li><\/ul><p>&nbsp;<\/p>\t\t\t\t\t\t\t<\/div>\n\t\t\t\t\t\t<div id=\"tab-cont-435841a89aa1e8b5e1a52a967d0eb145-4\"\n\t\t\t     class=\"tab-pane fade \">\n\t\t\t\t\t\t\t\t\t<h5 class=\"tab-content-title\">Regulamentul privind organizarea si desfasurarea examenului de aptitudini<\/h5>\n\t\t\t\t\n\t\t\t\t\t\t\t\t\t<p>Regulamentul privind organizarea si desfasurarea exanenului de aptitudini pentru accesul la profesia de expert contabil si contabil autorizat -\u00a0<a href=\"https:\/\/ceccar.ro\/ro\/wp-content\/uploads\/2021\/06\/Regulament-examen-aptitudini-avizat-MF_pentru-site.pdf\">https:\/\/ceccar.ro\/ro\/wp-content\/uploads\/2021\/06\/Regulament-examen-aptitudini-avizat-MF_pentru-site.pdf<\/a><\/p>\t\t\t\t\t\t\t<\/div>\n\t\t\t\t<\/div>\n<\/div><div class=\"fw-divider-space space-sm  clearfix\"  ><\/div>\t\t<\/div>\n\t<\/div>\n<\/div><\/div>\n\n\t<\/div>\n\t<\/section>\n","protected":false},"excerpt":{"rendered":"<p>Examenul de aptitudini Programa aferent\u0103 examenului de aptitudini Dosarul de \u00eenscriere la examenul de aptitudini Sesiuni de examen de aptitudini Regulamentul privind organizarea si desfasurarea examenului de aptitudini Programa aferent\u0103 examenului de aptitudini\u00a0\u00een vederea ob\u0163inerii [&hellip;]<\/p>\n","protected":false},"author":1,"featured_media":0,"parent":288,"menu_order":0,"comment_status":"closed","ping_status":"closed","template":"visual-builder-template.php","meta":{"footnotes":""},"class_list":["post-298","page","type-page","status-publish","hentry"],"brizy_media":[],"_links":{"self":[{"href":"https:\/\/ceccargorj.ro\/ro\/wp-json\/wp\/v2\/pages\/298","targetHints":{"allow":["GET"]}}],"collection":[{"href":"https:\/\/ceccargorj.ro\/ro\/wp-json\/wp\/v2\/pages"}],"about":[{"href":"https:\/\/ceccargorj.ro\/ro\/wp-json\/wp\/v2\/types\/page"}],"author":[{"embeddable":true,"href":"https:\/\/ceccargorj.ro\/ro\/wp-json\/wp\/v2\/users\/1"}],"replies":[{"embeddable":true,"href":"https:\/\/ceccargorj.ro\/ro\/wp-json\/wp\/v2\/comments?post=298"}],"version-history":[{"count":18,"href":"https:\/\/ceccargorj.ro\/ro\/wp-json\/wp\/v2\/pages\/298\/revisions"}],"predecessor-version":[{"id":5405,"href":"https:\/\/ceccargorj.ro\/ro\/wp-json\/wp\/v2\/pages\/298\/revisions\/5405"}],"up":[{"embeddable":true,"href":"https:\/\/ceccargorj.ro\/ro\/wp-json\/wp\/v2\/pages\/288"}],"wp:attachment":[{"href":"https:\/\/ceccargorj.ro\/ro\/wp-json\/wp\/v2\/media?parent=298"}],"curies":[{"name":"wp","href":"https:\/\/api.w.org\/{rel}","templated":true}]}}