{"id":294,"date":"2017-10-30T09:29:15","date_gmt":"2017-10-30T09:29:15","guid":{"rendered":"https:\/\/ceccararad.ro\/ro\/?page_id=294"},"modified":"2021-07-22T11:21:56","modified_gmt":"2021-07-22T09:21:56","slug":"echivalarea-examenului-de-acces-la-stagiu","status":"publish","type":"page","link":"https:\/\/ceccargorj.ro\/ro\/membri\/cum-devin-membru-ceccar\/echivalarea-examenului-de-acces-la-stagiu\/","title":{"rendered":"Echivalarea examenului de acces la stagiu"},"content":{"rendered":"<section   class=\"fw-main-row  auto  fw-section-position-back\"    >\n\t\t\t<div class=\"fw-container\" >\n\t\t<div class=\"fw-row\">\n\t<div id=\"column-69e0171538cd6\" class=\"fw-col-sm-12 tf-sh-4bf7de7076824fb4c351a6d1039d0743\" >\n\t<div class=\"fw-wrap-col-inner clearfix  \"   >\n\t\t\t\t<div class=\"fw-col-inner\">\n\t\t\t<div class=\"fw-text-box tf-sh-877a63ccffaffc9f825a828be48b90b9 \" >\n\t<div class=\"fw-text-inner\">\n\t\t<p><strong>Echivalarea examenului de acces la stagiu<\/strong><\/p>\n\t<\/div>\n<\/div><div class=\"fw-divider-space space-sm  clearfix\"  ><\/div><div class=\"tf-sh-435841a89aa1e8b5e1a52a967d0eb145 fw-tabs fw-tabs-minimal fw-tabs-top \" >\n\t<ul class=\"nav nav-tabs nav-justified\">\n\t\t\t\t\t<li class=\"active\">\n\t\t\t\t<a href=\"#tab-cont-435841a89aa1e8b5e1a52a967d0eb145-1\" data-toggle=\"tab\">\n\t\t\t\t\t\n\t\t\t\t\t\t\t\t\t\t<span>Con\u021binutul dosarului depus de facult\u0103\u021bile de profil<\/span>\n\t\t\t\t<\/a>\n\t\t\t<\/li>\n\t\t\t\t\t\t\t\t<li >\n\t\t\t\t<a href=\"#tab-cont-435841a89aa1e8b5e1a52a967d0eb145-2\" data-toggle=\"tab\">\n\t\t\t\t\t\n\t\t\t\t\t\t\t\t\t\t<span>Institu\u021biile de \u00eenv\u0103\u021b\u0103m\u00e2nt superior care au \u00eencheiat cu CECCAR protocoale de colaborare<\/span>\n\t\t\t\t<\/a>\n\t\t\t<\/li>\n\t\t\t\t\t\t\t\t<li >\n\t\t\t\t<a href=\"#tab-cont-435841a89aa1e8b5e1a52a967d0eb145-3\" data-toggle=\"tab\">\n\t\t\t\t\t\n\t\t\t\t\t\t\t\t\t\t<span>Con\u0163inutul dosarului de echivalare a examenului de admitere, categoria expert contabil<\/span>\n\t\t\t\t<\/a>\n\t\t\t<\/li>\n\t\t\t\t\t\t<\/ul>\n\n\t<div class=\"tab-content clearfix\">\n\t\t\t\t\t<div id=\"tab-cont-435841a89aa1e8b5e1a52a967d0eb145-1\"\n\t\t\t     class=\"tab-pane fade in active\">\n\t\t\t\t\n\t\t\t\t\t\t\t\t\t<header><div><div style=\"text-align: justify;\"><strong>Con\u0163inutul dosarelor \u00eenaintate de facult\u0103\u021bile de profil pentru analiz\u0103 \u015fi aprobare \u00een vederea \u00eencheierii protocolului colaborare, trebuie s\u0103 con\u0163in\u0103 \u00een principal urmatoarele documente:<\/strong><\/div><\/div><\/header><div id=\"main\"><section id=\"section-5c73fc96a7ba2\"><div id=\"column-b820cc773500f5c216a27358f8eb2519\"><p style=\"text-align: justify;\">1. Cererea facult\u0103\u0163ii de profil semnat\u0103 cel putin de catre Decanul, \u015eeful catedrei respectivei facult\u0103\u0163i precum \u015fi de c\u0103tre directorul cursului de master respectiv \u015fi eventual semnatura Rectorului Universit\u0103\u0163ii respective;<\/p><p style=\"text-align: justify;\">2. Dovada certificat\u0103 printr-un document oficial recunoscut potrivit legii \u00eenv\u0103\u0163\u0103m\u00e2ntului \u015fi a hot\u0103r\u00e2rilor de guvern emise \u00een aplicarea acestei legi, din care s\u0103 rezulte acreditarea pentru organizarea cursului de master de 2 ani;<\/p><p style=\"text-align: justify;\">3. Programul general al cursurilor pentru cei doi ani de master certificat \u015fi \u015ftampilat de Decanul facult\u0103tii \u015fi \u015feful masterului respectiv;<\/p><p style=\"text-align: justify;\">4. Fi\u015fele disciplinelor de la master cuprinz\u00e2nd scopul si rezultatele inv\u0103\u0163\u0103rii precum si con\u0163inutul detaliat al disciplinelor;<\/p><p style=\"text-align: justify;\">5. Corpul de cadre didactice cu men\u0163iunea titlului stiin\u0163ific, utilizat \u00een cadrul programului de master;<\/p><p style=\"text-align: justify;\">6. Metodele de predare utilizate pentru fiecare disciplin\u0103;<\/p><p style=\"text-align: justify;\">7. Bibliografia solicitat\u0103 pentru fiecare disciplin\u0103;<\/p><p style=\"text-align: justify;\">8. Modul de evaluare pentru fiecare disciplin\u0103, cu prezentarea separat\u0103 a examin\u0103rii scrise sau orale \u015fi nota minim\u0103 de promovare pentru o disciplin\u0103;<\/p><p style=\"text-align: justify;\">9. Suporturile utilizate pentru fiecare disciplin\u0103;<\/p><p style=\"text-align: justify;\">10. Orice alt document care s\u0103 vin\u0103 \u00een sprijinul dosarului;<\/p><p style=\"text-align: justify;\">11. Dovada achit\u0103rii taxei aferente analiz\u0103rii dosarului programului de master<\/p><\/div><\/section><\/div>\t\t\t\t\t\t\t<\/div>\n\t\t\t\t\t\t<div id=\"tab-cont-435841a89aa1e8b5e1a52a967d0eb145-2\"\n\t\t\t     class=\"tab-pane fade \">\n\t\t\t\t\n\t\t\t\t\t\t\t\t\t<p style=\"text-align: justify;\"><a href=\"https:\/\/ceccargorj.ro\/ro\/wp-content\/uploads\/2018\/10\/EVIDENTA-PROGRAME-DE-MASTERAT-modificat-17.10.2018.pdf\">Eviden\u0163a programelor de masterat pentru care au fost \u00eencheiate cu CECCAR protocoale de \u00eenscriere direct\u0103 la stagiu \u00een vederea ob\u0163inerii calit\u0103\u0163ii de expert contabil <\/a><\/p>\t\t\t\t\t\t\t<\/div>\n\t\t\t\t\t\t<div id=\"tab-cont-435841a89aa1e8b5e1a52a967d0eb145-3\"\n\t\t\t     class=\"tab-pane fade \">\n\t\t\t\t\n\t\t\t\t\t\t\t\t\t<h1>Termenul de depunere \u0219i con\u021binutul dosarului de echivalare a disciplinelor programelor de masterat cu disciplinele examenului de admitere, categoria expert contabil<\/h1><p class=\"has-black-color has-text-color\"><strong>Termenul de depunere a dosarelor de echivalare: 16 august 2021<\/strong><\/p><p class=\"has-black-color has-text-color\">\u00cen vederea \u00eenscrierii directe la stagiu, cu \u00eencepere de la\u00a0<strong>1 ianuarie 2022<\/strong>, absolven\u0163ii programelor de masterat, pentru care exist\u0103 acorduri de colaborare \u00eencheiate cu CECCAR, au posibilitatea depunerii dosarelor de echivalare p\u00e2n\u0103 la data de\u00a0<strong>16 august 2021<\/strong>, \u00een cadrul filialelor CECCAR de domiciliu.<\/p><p class=\"has-black-color has-text-color\"><strong>Con\u021binut dosar \u00eenscriere \u0219i condi\u021bii care trebuie \u00eendeplinite:<\/strong><\/p><p><span class=\"tadv-color\">Potrivit alin. 11\u00a0al art. 3 din O.G. nr. 65\/1994 republicat\u0103, cu modific\u0103rile \u015fi complet\u0103rile ulterioare la cerere se pot \u00eenscrie direct la stagiu absolven\u0163ii cursurilor de master, organizate de facult\u0103\u0163ile de profil, pe baza protocoalelor de echivalare a disciplinelor de la examenele de master cu cele de la examenul de admitere \u00een profesie, \u00eencheiate de universit\u0103\u0163i cu CECCAR.<br \/>\u00cen temeiul protocoale de colaborare \u00eencheiate de universit\u0103\u0163i cu CECCAR, absolven\u021bii programelor de masterat, au posibilitatea depunerii dosarului de \u00eenscriere direct\u0103 la stagiu, \u00een termen de trei ani de la absolvire. Cererile de \u00eenscriere direct la stagiu depuse de absolven\u0163ii programului de studii universitare de master dup\u0103 termenul de trei ani de la absolvire, dar \u00eentr-un termen de maxim cinci ani vor fi supuse spre analiz\u0103 \u015fi hot\u0103r\u00e2re Consiliului Superior al CECCAR.<br \/>Eviden\u0163a protocoalelor de colaborare \u00eencheiate de CECCAR cu facult\u0103\u0163ile de profil, precum \u015fi eviden\u0163a disciplinelor echivalate \u015fi a condi\u0163iilor de medie \u015fi note poate fi consultat\u0103 la rubrica<\/span>\u00a0<strong><a href=\"https:\/\/ceccar.ro\/ro\/wp-content\/uploads\/2019\/09\/evidenta-protocoale-update-20.09.2019.pdf\" target=\"_blank\" rel=\"noopener\">Institu\u0163ii de \u00eenv\u0103\u0163\u0103m\u00e2nt superior care au \u00eencheiat cu CECCAR protocoale de colaborare<\/a><\/strong><span class=\"tadv-color\">.<\/span><br \/><span class=\"tadv-color\">Concret, actele necesare \u00eenscrierii directe la stagiu, \u00een baza protocoalelor de echivalare a disciplinelor programelor de master cu disciplinele examenului de admitere la stagiu sunt:<\/span><\/p><ul><li>cererea de \u00eenscriere (model\u00a0<a href=\"https:\/\/ceccar.ro\/ro\/wp-content\/uploads\/2021\/06\/Cerere-de-inscriere-echivalare.doc\"><strong>Anex\u0103<\/strong><\/a>);<\/li><li>diploma de studii superioare economice de licen\u021b\u0103, recunoscut\u0103 de Ministerul, Educa\u0163iei \u0219i Cercet\u0103rii (copie legalizat\u0103);<\/li><li>diploma de absolvire a programului de master (copie legalizat\u0103). \u00cen situa\u0163ia \u00een care diploma nu a fost emis\u0103 de facultate se poate depune o adeverin\u0163\u0103 care s\u0103 ateste absolvirea programului de masterat (copie legalizat\u0103), urm\u00e2nd ca dosarul s\u0103 fie completat ulterior cu diploma legalizat\u0103;<\/li><li>suplimentul diplomei de masterat (copie legalizat\u0103). \u00cen situa\u0163ia \u00een care suplimentul diplomei nu a fost emis se poate depune o situa\u0163ie scolar\u0103 (copie legalizat\u0103) cu eviden\u0163a notelor, urm\u00e2nd ca dosarul s\u0103 fie completat ulterior cu suplimentul diplomei de masterat;<\/li><li>suplimentul diplomei de licen\u0163\u0103 (copie legalizat\u0103), \u00een cazul programelor de masterat \u00een care se face trimitere la notele ob\u0163inute \u00een timpul anilor de facultate;<\/li><li>certificatul medical din care s\u0103 rezulte c\u0103 solicitantul are capacitatea de exerci\u0163iu deplin\u0103;<\/li><li>certificat de cazier judiciar, valabil;<\/li><li>CV;<\/li><li>copie BI\/CI;<\/li><li>taxa de analiz\u0103 a dosarului de echivalare a examenului de admitere la stagiu, respectiv 175 Euro (c\/v \u00een lei la cursul B.N.R. din ziua pl\u0103\u0163ii).<\/li><li>acordul privind prelucrarea datelor cu caracter personal (model\u00a0<a href=\"https:\/\/ceccar.ro\/ro\/wp-content\/uploads\/2021\/06\/Formular-GDPR.pdf\" target=\"_blank\" rel=\"noreferrer noopener\"><strong>Anex\u0103<\/strong><\/a>)<\/li><\/ul><p class=\"has-black-color has-text-color\">Taxa poate fi achitata \u00een contul bancar aferet filialei de domiciliu sau \u00een contul Sediului Central CECCAR nr. RO90 RNCB 0082 0441 8094 0020 BCR Sucursala Unirii, cu men\u021bionarea detaliilor pl\u0103\u021bii, respectiv\u00a0<strong>tax\u0103 analiz\u0103 dosar echivalare examen admitere stagiu<\/strong>.<\/p><p class=\"has-black-color has-text-color\">\u00cen temeiul, Hot\u0103r\u00e2rii Consiliului superior al CECCAR nr. 18\/437 din 10 februarie 2018, taxa de echivalare a examenului de admitere la stagiu, \u00een cuantum de 175 Euro (c\/v \u00een lei la cursul BNR din ziua pl\u0103\u0163ii) reprezint\u0103 taxa de analiz\u0103 a dosarului \u015fi de acoperire a cheltuielilor necesare organiz\u0103rii examenului de admitere, pentru eventualele discipline neacoperite. Prin urmare, taxa de echivalare nu va fi restituit\u0103 \u00een situa\u0163ia respingerii dosarului de echivalare, a solicit\u0103rii de retragere a dosarului de echivalare sau \u00een situa\u0163ia\u00a0 \u00een care candida\u0163ii au fost declara\u0163i respin\u015fi sau nu s-au prezentat la examenul de admitere la stagiu.<\/p><p class=\"has-black-color has-text-color\"><strong>Preciz\u0103ri privind \u00eendeplinirea cerin\u0163elor de echivalare a disciplinelor programelor de masterat cu disciplinele examenului de admitere la stagiu, pentru anul 2021:<\/strong><\/p><p class=\"has-black-color has-text-color\">Echivalarea disciplinelor programelor de masterat cu disciplinele examenului de admitere la stagiu este condi\u0163ionat\u0103 de \u00eendeplinirea condi\u0163iilor prev\u0103zute \u00een acordurile de colaborare \u00eencheiate de CECCAR cu facult\u0103\u0163ile de profil din \u0163ar\u0103.<br \/><strong>\u00cen acest sens, \u00een situa\u0163ia \u00een care protocolul de colaborare prevede sus\u0163inerea unor examene\/teste de verificare acestea se vor sus\u0163ine de c\u0103tre absolven\u0163ii programelor de masterat cu ocazia examenului de admitere la stagiu organizat, \u00een zilele de 01 \u0219i 03 octombrie 2021<\/strong>.<\/p><p class=\"has-black-color has-text-color\">Odat\u0103 cu verificarea situa\u0163iilor \u015fcolare depuse de absolven\u0163ii programelor de masterat se vor avea \u00een urm\u0103toarele:<\/p><p class=\"has-black-color has-text-color\"><strong>1)<\/strong>\u00a0\u00cen situa\u0163ia \u00een care pentru o disciplin\u0103 aferent\u0103 examenului de admitere la stagiu a fost echivalat\u0103 doar o disciplin\u0103 din planul de \u00eenv\u0103\u0163\u0103m\u00e2nt al programului de master se vor respecta urm\u0103toarele criterii de verificare:<\/p><ul><li>nota de promovare pentru fiecare disciplin\u0103 echivalat\u0103 din cadrul programului de master cu disciplina aferent\u0103 examenului de admitere la stagiu s\u0103 fie minim 6 iar media general\u0103 minim 7;<\/li><li>\u00cen situa\u021bia \u00een care sunt\u00a0<strong>maxim dou\u0103 discipline<\/strong>\u00a0care nu au \u00eendeplinit condi\u021bia de not\u0103 6 se vor sus\u021bine examene la disciplinele aferente;<\/li><\/ul><p class=\"has-black-color has-text-color\"><strong>2)\u00a0<\/strong>\u00cen situa\u0163ia \u00een care pentru o disciplin\u0103 aferent\u0103 examenului de admitere la stagiu au fost echivalate mai multe discipline din planul de \u00eenv\u0103\u0163\u0103m\u00e2nt al programului de master se vor respecta urm\u0103toarele criterii de verificare:<\/p><ul><li>media grupului de discipline echivalate pentru o singur\u0103 disciplin\u0103 aferent\u0103 examenului de admitere la stagiu trebuie s\u0103 fie minim 6;<\/li><li>dac\u0103 \u00een cadrul grupului de discipline se reg\u0103sesc note de 5 \u00eens\u0103 media materiilor echivalate pentru o singur\u0103 disciplin\u0103 de examen este de 6, condi\u0163ia se consider\u0103 \u00eendeplinit\u0103 \u015fi nu este cazul respingerii dosarului sau sus\u0163inerii unor examene de diferen\u0163\u0103.<\/li><li>dac\u0103 \u00een cadrul grupului de discipline se reg\u0103sesc note de 5 \u015fi media materiilor echivalate pentru o singur\u0103 disciplin\u0103 de examen nu este minim 6, condi\u0163ia se consider\u0103 ne\u00eendeplinit\u0103.<\/li><\/ul><p class=\"has-black-color has-text-color\"><strong>Modalitatea de transmitere a rezultatelor \u00een urma verific\u0103rii dosarelor de echivalare:<\/strong><\/p><p class=\"has-black-color has-text-color\">Dup\u0103 verificarea documentelor de echivalare, \u00een cursul lunii septembrie, absolven\u0163ii programelor de masterat vor fi \u00een\u015ftiin\u0163a\u0163i, prin intermediul filialelor de domiciliu, cu privire la aprobarea\/neaprobarea dosarului depus, precum \u015fi cu privire la disciplinele la care trebuie s\u0103 su\u0163in\u0103 examene cu ocazia examenului de admitere la stagiu care se va organiza \u00een zilele din\u00a0<strong>1 \u0219i 3 octombrie 2021<\/strong>.<br \/>\u00cen concluzie, vor putea beneficia de posibilitatea \u00eenscrierii directe la stagiu absolven\u0163ii programelor de masterat care \u00een urma verific\u0103rii dosarelor \u00eendeplinesc condi\u0163iile prev\u0103zute de reglement\u0103rile \u00een vigoare, precum \u015fi absolven\u0163ii programelor de masterat declara\u0163i admi\u015fi \u00een urma sus\u0163inerii examenului de admitere la stagiu la disciplinele la care nu au \u00eendeplinit condi\u021bia de not\u0103\/medie \u0219i \/sau la disciplinele prev\u0103zute \u00een protocoalele de colaborare \u00eencheiate \u00eentre CECCAR \u015fi facult\u0103\u0163ile de profil.<\/p>\t\t\t\t\t\t\t<\/div>\n\t\t\t\t<\/div>\n<\/div><div class=\"fw-divider-space space-sm  clearfix\"  ><\/div>\t\t<\/div>\n\t<\/div>\n<\/div><\/div>\n\n\t<\/div>\n\t<\/section>\n","protected":false},"excerpt":{"rendered":"<p>Echivalarea examenului de acces la stagiu Con\u021binutul dosarului depus de facult\u0103\u021bile de profil Institu\u021biile de \u00eenv\u0103\u021b\u0103m\u00e2nt superior care au \u00eencheiat cu CECCAR protocoale de colaborare Con\u0163inutul dosarului de echivalare a examenului de admitere, categoria expert [&hellip;]<\/p>\n","protected":false},"author":1,"featured_media":0,"parent":288,"menu_order":0,"comment_status":"closed","ping_status":"closed","template":"visual-builder-template.php","meta":{"footnotes":""},"class_list":["post-294","page","type-page","status-publish","hentry"],"brizy_media":[],"_links":{"self":[{"href":"https:\/\/ceccargorj.ro\/ro\/wp-json\/wp\/v2\/pages\/294","targetHints":{"allow":["GET"]}}],"collection":[{"href":"https:\/\/ceccargorj.ro\/ro\/wp-json\/wp\/v2\/pages"}],"about":[{"href":"https:\/\/ceccargorj.ro\/ro\/wp-json\/wp\/v2\/types\/page"}],"author":[{"embeddable":true,"href":"https:\/\/ceccargorj.ro\/ro\/wp-json\/wp\/v2\/users\/1"}],"replies":[{"embeddable":true,"href":"https:\/\/ceccargorj.ro\/ro\/wp-json\/wp\/v2\/comments?post=294"}],"version-history":[{"count":26,"href":"https:\/\/ceccargorj.ro\/ro\/wp-json\/wp\/v2\/pages\/294\/revisions"}],"predecessor-version":[{"id":5407,"href":"https:\/\/ceccargorj.ro\/ro\/wp-json\/wp\/v2\/pages\/294\/revisions\/5407"}],"up":[{"embeddable":true,"href":"https:\/\/ceccargorj.ro\/ro\/wp-json\/wp\/v2\/pages\/288"}],"wp:attachment":[{"href":"https:\/\/ceccargorj.ro\/ro\/wp-json\/wp\/v2\/media?parent=294"}],"curies":[{"name":"wp","href":"https:\/\/api.w.org\/{rel}","templated":true}]}}