{"id":286,"date":"2017-10-30T09:26:05","date_gmt":"2017-10-30T09:26:05","guid":{"rendered":"https:\/\/ceccararad.ro\/ro\/?page_id=286"},"modified":"2019-11-12T14:59:26","modified_gmt":"2019-11-12T12:59:26","slug":"membri","status":"publish","type":"page","link":"https:\/\/ceccargorj.ro\/ro\/membri\/","title":{"rendered":"Membri"},"content":{"rendered":"<section   class=\"fw-main-row  auto  fw-section-position-back\"    >\n\t\t\t<div class=\"fw-container\" >\n\t\t<div class=\"fw-row\">\n\t<div id=\"column-69e011fa01a95\" class=\"fw-col-sm-12 tf-sh-2d6908ceb28c160426878497d8edb2f5\" >\n\t<div class=\"fw-wrap-col-inner clearfix  \"   >\n\t\t\t\t<div class=\"fw-col-inner\">\n\t\t\t<div class=\"fw-text-box tf-sh-d6814657c82f87ec9b13d2c144d6f523 \" >\n\t<div class=\"fw-text-inner\">\n\t\t<p><strong>Membri<\/strong><\/p>\n\t<\/div>\n<\/div><div class=\"fw-divider-space space-sm  clearfix\"  ><\/div>\t\t<\/div>\n\t<\/div>\n<\/div><\/div>\n\n<div class=\"fw-row\">\n\t<div id=\"column-69e011fa022c9\" class=\"fw-col-sm-4 tf-sh-bd971c0237e3594be43b5164fe4c59e7\" >\n\t<div class=\"fw-wrap-col-inner clearfix  \"   >\n\t\t\t\t<div class=\"fw-col-inner\">\n\t\t\t\t<a href=\"https:\/\/ceccargorj.ro\/ro\/membri\/cum-devin-membru-ceccar\/\" target=\"_self\" class=\"fw-btn tf-sh-0f64ed9930a653397a03dfd778b79fc1 fw-btn-full fw-btn-lg   fw-btn-1\"  style=\"\">\n\t\t<span >\n\t\t\tVreau s\u0103 devin membru CECCAR\t\t<\/span>\n\t<\/a>\n\t\t<\/div>\n\t<\/div>\n<\/div><div id=\"column-69e011fa02816\" class=\"fw-col-sm-4 tf-sh-fa75a468dcf3a7e2e398468327ea1950\" >\n\t<div class=\"fw-wrap-col-inner clearfix  \"   >\n\t\t\t\t<div class=\"fw-col-inner\">\n\t\t\t\t<a href=\"https:\/\/ceccargorj.ro\/ro\/membri\/sunt-membru-ceccar\/\" target=\"_self\" class=\"fw-btn tf-sh-7f9ad38250def13d67f913415345eb96 fw-btn-full fw-btn-lg   fw-btn-1\"  style=\"\">\n\t\t<span >\n\t\t\tSunt membru CECCAR\t\t<\/span>\n\t<\/a>\n\t\t<\/div>\n\t<\/div>\n<\/div><div id=\"column-69e011fa02d2b\" class=\"fw-col-sm-4 tf-sh-12cb43e8ba8f527bbfe00068781c6c1f\" >\n\t<div class=\"fw-wrap-col-inner clearfix  \"   >\n\t\t\t\t<div class=\"fw-col-inner\">\n\t\t\t\t<a href=\"https:\/\/ceccargorj.ro\/ro\/membri\/autorizarea-si-activitatea-societatilor-de-expertiza-contabila-si-contabilitate\/\" target=\"_self\" class=\"fw-btn tf-sh-d8f178d9ae698b5fa8020abba9cf0970 fw-btn-full fw-btn-lg   fw-btn-1\"  style=\"\">\n\t\t<span >\n\t\t\tSociet\u0103\u0163i de expertiz\u0103 contabil\u0103 \u015fi contabilitate\t\t<\/span>\n\t<\/a>\n\t\t<\/div>\n\t<\/div>\n<\/div><\/div>\n\n<div class=\"fw-row\">\n\t<div id=\"column-69e011fa034bd\" class=\"fw-col-sm-12 tf-sh-f141e1720faac12cba55c7388bcc3f18\" >\n\t<div class=\"fw-wrap-col-inner clearfix  \"   >\n\t\t\t\t<div class=\"fw-col-inner\">\n\t\t\t<div class=\"fw-divider-space space-md  clearfix\"  ><\/div>\t\t<\/div>\n\t<\/div>\n<\/div><\/div>\n\n\t<\/div>\n\t<\/section>\n","protected":false},"excerpt":{"rendered":"<p>Membri Vreau s\u0103 devin membru CECCAR Sunt membru CECCAR Societ\u0103\u0163i de expertiz\u0103 contabil\u0103 \u015fi contabilitate<\/p>\n","protected":false},"author":1,"featured_media":0,"parent":0,"menu_order":0,"comment_status":"closed","ping_status":"closed","template":"visual-builder-template.php","meta":{"footnotes":""},"class_list":["post-286","page","type-page","status-publish","hentry"],"brizy_media":[],"_links":{"self":[{"href":"https:\/\/ceccargorj.ro\/ro\/wp-json\/wp\/v2\/pages\/286","targetHints":{"allow":["GET"]}}],"collection":[{"href":"https:\/\/ceccargorj.ro\/ro\/wp-json\/wp\/v2\/pages"}],"about":[{"href":"https:\/\/ceccargorj.ro\/ro\/wp-json\/wp\/v2\/types\/page"}],"author":[{"embeddable":true,"href":"https:\/\/ceccargorj.ro\/ro\/wp-json\/wp\/v2\/users\/1"}],"replies":[{"embeddable":true,"href":"https:\/\/ceccargorj.ro\/ro\/wp-json\/wp\/v2\/comments?post=286"}],"version-history":[{"count":40,"href":"https:\/\/ceccargorj.ro\/ro\/wp-json\/wp\/v2\/pages\/286\/revisions"}],"predecessor-version":[{"id":1757,"href":"https:\/\/ceccargorj.ro\/ro\/wp-json\/wp\/v2\/pages\/286\/revisions\/1757"}],"wp:attachment":[{"href":"https:\/\/ceccargorj.ro\/ro\/wp-json\/wp\/v2\/media?parent=286"}],"curies":[{"name":"wp","href":"https:\/\/api.w.org\/{rel}","templated":true}]}}