{"id":1579,"date":"2019-09-20T10:00:04","date_gmt":"2019-09-20T08:00:04","guid":{"rendered":"https:\/\/ceccararad.ro\/ro\/?page_id=1579"},"modified":"2019-09-20T10:20:52","modified_gmt":"2019-09-20T08:20:52","slug":"mesajul-presedintelui-ceccar","status":"publish","type":"page","link":"https:\/\/ceccargorj.ro\/ro\/despre-noi\/istoria-ceccar\/mesajul-presedintelui-ceccar\/","title":{"rendered":"Mesajul Pre\u015fedintelui CECCAR"},"content":{"rendered":"<section   class=\"fw-main-row  auto  fw-section-position-back\"    >\n\t\t\t<div class=\"fw-container\" >\n\t\t<div class=\"fw-row\">\n\t<div id=\"column-69e01240be29f\" class=\"fw-col-sm-12 tf-sh-4bf7de7076824fb4c351a6d1039d0743\" >\n\t<div class=\"fw-wrap-col-inner clearfix  \"   >\n\t\t\t\t<div class=\"fw-col-inner\">\n\t\t\t<div class=\"fw-text-box tf-sh-b4a496c23a94b122350f1c9e2210e50c \" >\n\t<div class=\"fw-text-inner\">\n\t\t<p><strong>Mesajul Pre\u015fedintelui CECCAR<\/strong><\/p>\n\t<\/div>\n<\/div><div class=\"fw-divider-space space-sm  clearfix\"  ><\/div><div class=\"fw-text-box tf-sh-74ab3c7e39036c2e27574b73c93e1d32 \" >\n\t<div class=\"fw-text-inner\">\n\t\t<p style=\"text-align: justify;\">S\u0103rb\u0103torim anul acesta 95 de ani de la recunoa\u0219terea profesiei de contabil, o profesie de tradi\u021bie, a c\u0103rei reprezentare \u00eei revine Corpului Exper\u021bilor Contabili \u0219i Contabililor Autoriza\u021bi din Rom\u00e2nia \u2013 CECCAR. \u00cen atmosfera specific\u0103 unei anivers\u0103ri cu at\u00e2t de bogate semnifica\u021bii, am pl\u0103cutul prilej de a adresa tuturor celor care practic\u0103 aceast\u0103 frumoas\u0103 \u015fi important\u0103 profesie sincere felicit\u0103ri \u0219i succes \u00een viitor.<\/p>\n<p style=\"text-align: justify;\">Dup\u0103 cum este cunoscut, \u00een continuitatea unor merituoase contribu\u0163ii ale precursorilor, istoria Corpului a fost marcat\u0103, \u00een anul 1921, de promulgarea de c\u0103tre \u00eensu\u0219i Regele Ferdinand I a Legii de \u00eenfiin\u0163are a Corpului de Contabili Autoriza\u021bi \u0219i Exper\u021bi Contabili din Rom\u00e2nia, ca organism profesional independent. Merite deosebite a avut \u00een constituirea Corpului cel dint\u00e2i pre\u015fedinte, personalitate public\u0103 de seam\u0103 din acele vremuri, profesorul universitar Grigore Trancu-Ia\u015fi. Ulterior, \u00een anii \u201930, Corpul a devenit una dintre cele mai puternice institu\u021bii de profil din Europa, av\u00e2nd ca atribu\u021bii esen\u021biale standardizarea activit\u0103\u021bii contabile \u0219i derularea activit\u0103\u021bii de audit, contribuind substan\u021bial, de-a lungul timpului, la afirmarea \u0219i consolidarea celei mai importante profesii din domeniul economic, inclusiv prin preg\u0103tirea \u0219i perfec\u0163ionarea unei veritabile elite a speciali\u0219tilor contabili.<\/p>\n<p style=\"text-align: justify;\">Ca o recunoa\u015ftere la nivel interna\u0163ional a rolului Corpului \u00een dezvoltarea profesiei contabile din acea vreme, Rom\u00e2nia a fost gazda celui de-al VII-lea Congres Interna\u0163ional de Contabilitate, organizat simultan cu al V-lea Congres al Corpului de Contabili Autoriza\u0163i \u015fi Exper\u0163i Contabili din Rom\u00e2nia, la Bucure\u015fti, \u00een perioada 5-9 septembrie 1931. Pre\u015fedinte de onoare al comitetului de organizare a fost marele istoric \u0219i profesor universitar Nicolae Iorga \u2013 pre\u0219edintele Consiliului de Mini\u0219tri.<\/p>\n<p style=\"text-align: justify;\">Cum, de asemenea, se \u015ftie, \u00een perioada postbelic\u0103 a fost instaurat, \u00een condi\u0163ii vitrege pentru \u021bara noastr\u0103, regimul comunist, care a diminuat considerabil aria de exercitare a profesiei contabile, cu toate consecin\u0163ele care au decurs de aici. De\u015fi serviciile contabile au fost na\u0163ionalizate, titlul profesional de expert contabil a continuat s\u0103 reziste cel pu\u0163in pentru dou\u0103 activit\u0103\u0163i \u2013 cea de expertiz\u0103 contabil\u0103 judiciar\u0103 \u015fi cea de cenzor \u2013, adev\u0103ra\u0163ii profesioni\u015fti f\u0103c\u00e2ndu-\u015fi datoria \u00een limitele \u015fi cu constr\u00e2ngerile specifice perioadei, \u00een cadrul \u00eentreprinderilor, al institu\u0163iilor, inclusiv \u00een sferele educa\u021biei \u015fi cercet\u0103rii.<\/p>\n<p style=\"text-align: justify;\">Imediat dup\u0103 \u00eenl\u0103turarea regimului comunist, \u00een anul 1992, a fost \u00eenfiin\u021bat\u0103 asocia\u021bia Corpul Exper\u021bilor Contabili \u0219i Contabililor Autoriza\u021bi din Rom\u00e2nia, pre\u0219edinte fiind domnul Gheorghe Butnariu. \u00cen anul 1994, \u00een timpul mandatului ministrului finan\u021belor din acea perioad\u0103, prof. univ. dr. Florin Georgescu, \u00een baza Ordonan\u021bei Guvernului nr. 65 din 19 august 1994, a fost re\u00eenfiin\u021bat Corpul Exper\u021bilor Contabili \u0219i Contabililor Autoriza\u021bi din Rom\u00e2nia, ca persoan\u0103 juridic\u0103 de utilitate public\u0103 \u015fi autonom\u0103, cu rol esen\u021bial \u00een gestionarea profesiei \u0219i \u00een preg\u0103tirea profesioni\u0219tilor contabili. La Conferin\u021ba Na\u021bional\u0103 din noiembrie 1994, prima organizat\u0103 \u00een baza noilor reglement\u0103ri, a fost ales pre\u0219edinte al CECCAR prof. univ. dr. Marin Toma. Corpul, \u00een calitate de organism profesional la scar\u0103 na\u021bional\u0103, a avut un rol esen\u021bial \u00een reforma sistemului contabil din Rom\u00e2nia, \u00een condi\u021biile tranzi\u021biei la economia de pia\u021b\u0103.<\/p>\n<p style=\"text-align: justify;\">Odat\u0103 cu re\u00eenfiin\u0163area CECCAR a fost reluat\u0103 o valoroas\u0103 tradi\u021bie, aceea de a organiza, o dat\u0103 la doi ani, Congrese ale profesiei. Astfel, \u00een anul 1994, cu ocazia primului Congres desf\u0103\u0219urat \u00een perioada postcomunist\u0103, s-a reluat dialogul, \u00eentr-un cadru l\u0103rgit, \u00eentre profesioni\u0219tii contabili rom\u00e2ni \u0219i cei din str\u0103in\u0103tate privind reformele din domeniul contabilit\u0103\u021bii \u015fi dezvoltarea profesiei.<\/p>\n<p style=\"text-align: justify;\">Globalizarea, care a atras dup\u0103 sine \u015fi dezvoltarea colabor\u0103rilor economice interna\u0163ionale, a determinat aderarea CECCAR la Federa\u021bia Interna\u021bional\u0103 a Contabililor \u2013 IFAC \u0219i la Federa\u021bia Exper\u021bilor Contabili Europeni \u2013 FEE. Apartenen\u021ba la aceste structuri a creat o nou\u0103 \u00eenf\u0103\u021bi\u0219are \u0219i o nou\u0103 menire a organismului profesional, conferind o substan\u021b\u0103 calitativ superioar\u0103 eforturilor \u00eendreptate spre implicarea nemijlocit\u0103, responsabil\u0103, a Corpului \u00een procesul de a\u0219ezare a profesiei contabile rom\u00e2ne\u0219ti pe norme \u0219i standarde profesionale interna\u021bionale \u0219i de etic\u0103, asigur\u00e2nd platforma prin care CECCAR \u015fi-a sporit continuu aportul de competen\u0163\u0103 la afirmarea \u015fi dezvoltarea profesiei la nivel regional, european \u015fi mondial.<\/p>\n<p style=\"text-align: justify;\">Ancorat, astfel, \u00een realit\u0103\u0163ile interne \u015fi externe ale zilelor noastre, Corpul se bucur\u0103 de reputa\u0163ia de a fi cel mai puternic organism profesional din regiunea de sud-est a Europei, cu peste 40.000 de membri.<\/p>\n<p style=\"text-align: justify;\">Prestigiul \u0219i influen\u0163a de care se bucur\u0103 CECCAR au la baz\u0103 rezultatele angaj\u0103rii active \u00een guvernan\u0163a public\u0103, \u00een parteneriat cu institu\u0163ii ale administra\u0163iei publice centrale \u015fi locale, \u00een vederea perfec\u0163ion\u0103rii continue a legisla\u021biei contabile \u0219i fiscale conform standardelor interna\u021bionale, cre\u0219terii calit\u0103\u021bii raport\u0103rilor financiare pentru satisfacerea interesului public, contracar\u0103rii criminalit\u0103\u021bii economice \u0219i \u00eembun\u0103t\u0103\u021birii climatului economic \u0219i, nu \u00een ultimul r\u00e2nd, consolid\u0103rii \u00eencrederii \u00een activit\u0103\u021bile profesioni\u0219tilor contabili rom\u00e2ni, bazate pe competen\u0163e, onoare, independen\u0163\u0103 \u0219i moralitate.<\/p>\n<p style=\"text-align: justify;\">Practica, experien\u0163a acumulat\u0103 relev\u0103 permanent c\u0103 rolurile \u0219i competen\u021bele contabililor sunt factori-cheie ai dezvolt\u0103rii antreprenoriatului la nivel microeconomic. Se identific\u0103 o mi\u0219care a bazei de competen\u021be a profesioni\u015ftilor contabili \u0219i a rolurilor acestora spre furnizarea de servicii de consultan\u021b\u0103 de afaceri. Dincolo de contabilitatea financiar\u0103 \u0219i conformarea fiscal\u0103, antreprenorii apreciaz\u0103 tot mai mult competen\u0163ele inter- \u015fi multidisciplinare \u00een contabilitatea managerial\u0103, \u00een aplicarea de metode \u015fi tehnici moderne de analiz\u0103 \u015fi decizie \u00een rezolvarea problemelor, utiliz\u00e2nd tehnologiile informa\u0163iei \u015fi comunica\u021biei specifice big data \u015fi inteligen\u0163ei artificiale, \u00een lansarea de afaceri, abilit\u0103\u021bile interpersonale \u0219i de g\u00e2ndire strategic\u0103, \u00een managementul schimb\u0103rii \u0219i al riscurilor, \u00een managementul performan\u021bei, \u00een raportarea integrat\u0103 \u015fi, nu \u00een ultimul r\u00e2nd, \u00een comunicare \u0219i creativitate \u2013 motor al inov\u0103rii. Astfel, profesionistul contabil a devenit \u2013 \u015fi \u00ee\u015fi consolideaz\u0103 continuu acest rol \u2013 cel mai de \u00eencredere consultant al mediului antreprenorial, motorul cre\u015fterii economice na\u0163ionale \u015fi globale.<\/p>\n<p style=\"text-align: justify;\">CECCAR, \u00een calitate de organism profesional, se preocup\u0103 continuu de dezvoltarea competen\u021belor \u015fi abilit\u0103\u021bilor profesionistului contabil, care s\u0103 \u00eei permit\u0103 furnizarea de servicii suplimentare celor tradi\u021bionale, la un nivel de calitate ridicat, diminu\u00e2nd considerabil, \u00een acest fel, decalajul dintre cererea de servicii a mediului de afaceri impus\u0103 de globalizare, de digitalizare \u0219i de o concuren\u0163\u0103 din ce \u00een ce mai mare \u015fi baza de competen\u0163e ale profesionistului contabil. \u00cen acest sens, printr-un proces de cercetare continuu, \u00een parteneriat cu mediul universitar \u015fi cu cel de afaceri, CECCAR urm\u0103re\u015fte \u015fi sus\u0163ine evolu\u0163ia pozitiv\u0103 a carierei profesionistului contabil, mai ales prin identificarea noilor cerin\u0163e de formare profesional\u0103 continu\u0103, asociate acesteia, ca premis\u0103 a unor ac\u0163iuni eficiente.<\/p>\n<p style=\"text-align: justify;\">Din acest motiv, profesioni\u0219tii contabili \u2013 exper\u021bi contabili \u015fi contabili autoriza\u021bi membri ai orga-nismului nostru profesional, liber-profesioni\u0219ti sau angaja\u021bi \u2013 se afirm\u0103 \u00eentr-o manier\u0103 distinct\u0103 \u00een ansamblul activit\u0103\u021bilor economico-sociale, datorit\u0103 certific\u0103rii calific\u0103rii profesionale conform standardelor IFAC \u0219i angajamentului asumat de a respecta normele profesionale \u0219i de etic\u0103 \u00een domeniu, pentru care CECCAR vegheaz\u0103 printr-un control de calitate riguros. Toate acestea completeaz\u0103 puzzle-ul necesar asigur\u0103rii calit\u0103\u0163ii serviciilor prestate beneficiarilor.<\/p>\n<p style=\"text-align: justify;\">Leg\u0103tura str\u00e2ns\u0103 dintre contabilitate, investi\u021bii \u0219i cre\u0219tere economic\u0103 atest\u0103 faptul c\u0103 publicul larg manifest\u0103 un interes real fa\u0163\u0103 de valorificarea practic\u0103 a virtu\u0163ilor unei profesii contabile puternice, iar CECCAR este garantul acestei realit\u0103\u0163i de necontestat.<\/p>\n<p style=\"text-align: justify;\">A\u015fadar, \u00eemplinirea a 95 de ani de la \u00eenfiin\u0163area Corpului este un prilej de bucurie pentru noi to\u0163i, un moment de legitim\u0103 m\u00e2ndrie a tuturor celor care practic\u0103m aceast\u0103 profesie, un moment de cinstire a celor care au asigurat unitatea \u015fi au dat puterea \u015fi resursele necesare dezvolt\u0103rii contabilit\u0103\u021bii \u015fi a CECCAR \u00een Rom\u00e2nia.<\/p>\n<p style=\"text-align: justify;\" align=\"right\">\n<p style=\"text-align: center;\" align=\"right\"><strong>Prof. univ. dr. Robert Aurelian \u015eova,<\/strong><\/p>\n<p style=\"text-align: center;\"><strong>Pre\u015fedintele Consiliului Superior al CECCAR<\/strong><\/p>\n<p style=\"text-align: justify;\">\n\t<\/div>\n<\/div><div class=\"fw-divider-space space-sm  clearfix\"  ><\/div>\t\t<\/div>\n\t<\/div>\n<\/div><\/div>\n\n\t<\/div>\n\t<\/section>\n","protected":false},"excerpt":{"rendered":"<p>Mesajul Pre\u015fedintelui CECCAR S\u0103rb\u0103torim anul acesta 95 de ani de la recunoa\u0219terea profesiei de contabil, o profesie de tradi\u021bie, a c\u0103rei reprezentare \u00eei revine Corpului Exper\u021bilor Contabili \u0219i Contabililor Autoriza\u021bi din Rom\u00e2nia \u2013 CECCAR. \u00cen [&hellip;]<\/p>\n","protected":false},"author":1,"featured_media":0,"parent":1582,"menu_order":0,"comment_status":"closed","ping_status":"closed","template":"visual-builder-template.php","meta":{"footnotes":""},"class_list":["post-1579","page","type-page","status-publish","hentry"],"brizy_media":[],"_links":{"self":[{"href":"https:\/\/ceccargorj.ro\/ro\/wp-json\/wp\/v2\/pages\/1579","targetHints":{"allow":["GET"]}}],"collection":[{"href":"https:\/\/ceccargorj.ro\/ro\/wp-json\/wp\/v2\/pages"}],"about":[{"href":"https:\/\/ceccargorj.ro\/ro\/wp-json\/wp\/v2\/types\/page"}],"author":[{"embeddable":true,"href":"https:\/\/ceccargorj.ro\/ro\/wp-json\/wp\/v2\/users\/1"}],"replies":[{"embeddable":true,"href":"https:\/\/ceccargorj.ro\/ro\/wp-json\/wp\/v2\/comments?post=1579"}],"version-history":[{"count":2,"href":"https:\/\/ceccargorj.ro\/ro\/wp-json\/wp\/v2\/pages\/1579\/revisions"}],"predecessor-version":[{"id":1581,"href":"https:\/\/ceccargorj.ro\/ro\/wp-json\/wp\/v2\/pages\/1579\/revisions\/1581"}],"up":[{"embeddable":true,"href":"https:\/\/ceccargorj.ro\/ro\/wp-json\/wp\/v2\/pages\/1582"}],"wp:attachment":[{"href":"https:\/\/ceccargorj.ro\/ro\/wp-json\/wp\/v2\/media?parent=1579"}],"curies":[{"name":"wp","href":"https:\/\/api.w.org\/{rel}","templated":true}]}}