{"id":1538,"date":"2019-09-19T13:35:20","date_gmt":"2019-09-19T11:35:20","guid":{"rendered":"https:\/\/ceccararad.ro\/ro\/?page_id=1538"},"modified":"2019-10-23T18:26:03","modified_gmt":"2019-10-23T16:26:03","slug":"link-uri-utile","status":"publish","type":"page","link":"https:\/\/ceccargorj.ro\/ro\/comunicari\/link-uri-utile\/","title":{"rendered":"Link-uri utile"},"content":{"rendered":"<section   class=\"fw-main-row  auto  fw-section-position-back\"    >\n\t\t\t<div class=\"fw-container\" >\n\t\t<div class=\"fw-row\">\n\t<div id=\"column-69e013b64bee8\" class=\"fw-col-sm-12 tf-sh-4bf7de7076824fb4c351a6d1039d0743\" >\n\t<div class=\"fw-wrap-col-inner clearfix  \"   >\n\t\t\t\t<div class=\"fw-col-inner\">\n\t\t\t<div class=\"fw-text-box tf-sh-b4a496c23a94b122350f1c9e2210e50c \" >\n\t<div class=\"fw-text-inner\">\n\t\t<p><strong><span style=\"font-size: 12pt;\">Link-uri utile<\/span><\/strong><\/p>\n\t<\/div>\n<\/div><div class=\"fw-divider-space space-sm  clearfix\"  ><\/div><div class=\"fw-text-box tf-sh-6796b61de40832d95f66723558e5191f \" >\n\t<div class=\"fw-text-inner\">\n\t\t<table border=\"0\" width=\"668\">\n<tbody>\n<tr>\n<td width=\"625\"><a href=\"http:\/\/www.ceccarbusinessmagazine.ro\" target=\"_blank\" rel=\"noopener\">CECCAR Business Magazine<\/a><\/td>\n<td align=\"center\"><a href=\"http:\/\/www.ceccarbusinessmagazine.ro\/\" target=\"_blank\" rel=\"noopener\"><img loading=\"lazy\" decoding=\"async\" src=\"http:\/\/ceccar.ro\/ro\/wp-content\/uploads\/2016\/09\/logo-revista-transparent-2.png\" alt=\"\" width=\"130\" height=\"91\" \/><\/a><\/td>\n<\/tr>\n<tr>\n<td><a href=\"http:\/\/ceccarfm.ro\/\" target=\"_blank\" rel=\"noopener\">CECCAR FM<\/a><\/td>\n<td align=\"center\"><a href=\"http:\/\/ceccarfm.ro\/\" target=\"_blank\" rel=\"noopener\"><img loading=\"lazy\" decoding=\"async\" src=\"http:\/\/ceccar.ro\/ro\/wp-content\/uploads\/2016\/09\/sigla2_580x312-1.png\" alt=\"\" width=\"117\" height=\"62\" \/><\/a><\/td>\n<\/tr>\n<tr>\n<td><a title=\"Editura CECCAR\" href=\"http:\/\/www.edituraceccar.ro\" target=\"_blank\" rel=\"noopener\">Editura CECCAR<\/a><\/td>\n<td align=\"center\"><img loading=\"lazy\" decoding=\"async\" src=\"http:\/\/ceccar.ro\/ro\/wp-content\/uploads\/2011\/09\/Editura.jpg\" alt=\"\" width=\"128\" height=\"68\" \/><\/td>\n<\/tr>\n<\/tbody>\n<\/table>\n<table border=\"0\" width=\"668\">\n<tbody>\n<tr>\n<td width=\"625\"><a title=\"IFA Rom\u00e2nia\" href=\"http:\/\/www.ifaromania.ro\" target=\"_blank\" rel=\"noopener\">Asocia\u0163ia Interna\u0163ional\u0103 de Fiscalitate, Filiala din Rom\u00e2nia (IFA Rom\u00e2nia)<\/a><\/td>\n<td align=\"center\"><a href=\"http:\/\/www.ifaromania.ro\/\" target=\"_blank\" rel=\"noopener\"><img loading=\"lazy\" decoding=\"async\" class=\"size-thumbnail wp-image-2904 aligncenter\" title=\"sigla ifa\" src=\"http:\/\/ceccar.ro\/ro\/wp-content\/uploads\/2011\/09\/sigla-ifa-141x150.jpg\" alt=\"\" width=\"64\" height=\"68\" \/><\/a><\/td>\n<\/tr>\n<tr>\n<td><a title=\"Academia de \u015etiin\u0163e \u015fi Tehnici Contabile \u015fi Financiare, filiala din Rom\u00e2nia\" href=\"http:\/\/www.lacademie.ro\" target=\"_blank\" rel=\"noopener\">Academia de \u015etiin\u0163e \u015fi Tehnici Contabile \u015fi Financiare, filiala din Rom\u00e2nia<\/a><\/td>\n<td align=\"center\"><a href=\"http:\/\/www.lacademie.ro\/\" target=\"_blank\" rel=\"noopener\"><img loading=\"lazy\" decoding=\"async\" class=\"size-full wp-image-2905 aligncenter\" title=\"Academia\" src=\"http:\/\/ceccar.ro\/ro\/wp-content\/uploads\/2011\/09\/Academia.jpg\" alt=\"\" width=\"132\" height=\"68\" \/><\/a><\/td>\n<\/tr>\n<tr>\n<td><a href=\"http:\/\/cnipmmr.ro\/\" target=\"_blank\" rel=\"noopener\">Consiliul Na\u021bional al \u00centreprinderilor Private Mici \u0219i Mijlocii din Rom\u00e2nia<\/a><\/td>\n<td align=\"center\"><a href=\"http:\/\/cnipmmr.ro\/\" target=\"_blank\" rel=\"noopener\"><img loading=\"lazy\" decoding=\"async\" src=\"http:\/\/ceccar.ro\/ro\/wp-content\/uploads\/2016\/10\/cnipmmr.jpg\" alt=\"\" width=\"86\" height=\"93\" \/><\/a><\/td>\n<\/tr>\n<tr>\n<td><a href=\"http:\/\/www.mfinante.gov.ro\/acasa.html?method=inceput&amp;pagina=acasa\" target=\"_blank\" rel=\"noopener\">Ministerul Finan\u0163elor Publice<\/a><\/td>\n<td align=\"center\"><a href=\"http:\/\/www.mfinante.gov.ro\/acasa.html?method=inceput&amp;pagina=acasa\" target=\"_blank\" rel=\"noopener\"><img loading=\"lazy\" decoding=\"async\" src=\"http:\/\/ceccar.ro\/ro\/wp-content\/uploads\/2016\/10\/mfp-logo-mare.png\" alt=\"\" width=\"72\" height=\"71\" \/><\/a><\/td>\n<\/tr>\n<tr>\n<td><a href=\"https:\/\/www.anaf.ro\/anaf\/internet\/ANAF\/acasa\/%21ut\/p\/a1\/04_Sj9CPykssy0xPLMnMz0vMAfGjzOI9DD3MPIwsjLwsHF2dDBydLfxCLZyBAu7GQAWRQAUGOICjASH94fpR-JS4uxhDFeCxwks_Kj0nPwns3EjHvCRji3T9qKLUtNSi1CK90iKgcEZJSUGxlaqBqkF5ebleYl5iml5RvqoBNvUZ-cUl-hFIyvQLciMMskxzynwcFRUBQAKIqw%21%21\/dl5\/d5\/L2dBISEvZ0FBIS9nQSEh\/\" target=\"_blank\" rel=\"noopener\">Agen\u021bia Na\u021bional\u0103 de Administrare Fiscal\u0103<\/a><\/td>\n<td align=\"center\"><a href=\"https:\/\/www.anaf.ro\/anaf\/internet\/ANAF\/acasa\/%21ut\/p\/a1\/04_Sj9CPykssy0xPLMnMz0vMAfGjzOI9DD3MPIwsjLwsHF2dDBydLfxCLZyBAu7GQAWRQAUGOICjASH94fpR-JS4uxhDFeCxwks_Kj0nPwns3EjHvCRji3T9qKLUtNSi1CK90iKgcEZJSUGxlaqBqkF5ebleYl5iml5RvqoBNvUZ-cUl-hFIyvQLciMMskxzynwcFRUBQAKIqw%21%21\/dl5\/d5\/L2dBISEvZ0FBIS9nQSEh\/\" target=\"_blank\" rel=\"noopener\"><img loading=\"lazy\" decoding=\"async\" src=\"http:\/\/ceccar.ro\/ro\/wp-content\/uploads\/2016\/10\/anaf.png\" alt=\"\" width=\"150\" height=\"42\" \/><\/a><\/td>\n<\/tr>\n<tr>\n<td><a href=\"http:\/\/www.minind.ro\/\">Ministerul Economiei, Comer\u0163ului \u015fi Rela\u0163iilor cu Mediul de Afaceri<\/a><\/td>\n<td align=\"center\"><a href=\"http:\/\/www.minind.ro\/\"><img loading=\"lazy\" decoding=\"async\" src=\"http:\/\/ceccar.ro\/ro\/wp-content\/uploads\/2016\/10\/banner_MECRMA_stema-rotunda.jpg\" alt=\"\" width=\"190\" height=\"44\" \/><\/a><\/td>\n<\/tr>\n<tr>\n<td><a href=\"http:\/\/www.just.ro\/\" target=\"_blank\" rel=\"noopener\">Ministerul Justi\u0163iei<\/a><\/td>\n<td align=\"center\"><a href=\"http:\/\/www.just.ro\/\" target=\"_blank\" rel=\"noopener\"><img loading=\"lazy\" decoding=\"async\" src=\"http:\/\/ceccar.ro\/ro\/wp-content\/uploads\/2016\/10\/logo2.png\" alt=\"\" width=\"194\" height=\"58\" \/><\/a><\/td>\n<\/tr>\n<tr>\n<td><a href=\"https:\/\/www.edu.ro\/\" target=\"_blank\" rel=\"noopener\">Ministerul Educa\u0163iei Na\u0163ionale \u015fi Cercet\u0103rii \u015etiin\u0163ifice<\/a><\/td>\n<td align=\"center\"><a href=\"https:\/\/www.edu.ro\/\" target=\"_blank\" rel=\"noopener\"><img loading=\"lazy\" decoding=\"async\" src=\"http:\/\/ceccar.ro\/ro\/wp-content\/uploads\/2016\/10\/mecs.png\" alt=\"\" width=\"213\" height=\"48\" \/><\/a><\/td>\n<\/tr>\n<tr>\n<td><a href=\"http:\/\/eur-lex.europa.eu\/homepage.html?locale=ro\" target=\"_blank\" rel=\"noopener\">EUR-Lex<\/a><\/td>\n<td align=\"center\"><a href=\"http:\/\/eur-lex.europa.eu\/homepage.html?locale=ro\" target=\"_blank\" rel=\"noopener\"><img loading=\"lazy\" decoding=\"async\" src=\"http:\/\/ceccar.ro\/ro\/wp-content\/uploads\/2016\/10\/eurlex-logo.png\" alt=\"\" width=\"110\" height=\"39\" \/><\/a><\/td>\n<\/tr>\n<tr>\n<td><a href=\"http:\/\/www.curierulnational.ro\" target=\"_blank\" rel=\"noopener\">Curierul Na\u0163ional<\/a><\/td>\n<td align=\"center\"><img loading=\"lazy\" decoding=\"async\" src=\"http:\/\/ceccar.ro\/ro\/wp-content\/uploads\/2011\/09\/logo-300x53.png\" alt=\"\" width=\"210\" height=\"37\" \/><\/td>\n<\/tr>\n<tr>\n<td><a title=\"Centrul Na\u0163ional Rom\u00e2nia Digital\u0103\" href=\"https:\/\/www.edirect.e-guvernare.ro\/PISEGWeb\/PISEGPortal.portal\" target=\"_blank\" rel=\"noopener\">Centrul Na\u0163ional Rom\u00e2nia Digital\u0103 (CNRD)<\/a><\/td>\n<td align=\"center\"><a href=\"https:\/\/www.edirect.e-guvernare.ro\/PISEGWeb\/PISEGPortal.portal\" target=\"_blank\" rel=\"noopener\"><img loading=\"lazy\" decoding=\"async\" class=\"size-full wp-image-2909 aligncenter\" title=\"logo-edirect\" src=\"http:\/\/ceccar.ro\/ro\/wp-content\/uploads\/2011\/09\/logo-edirect1.jpg\" alt=\"\" width=\"168\" height=\"30\" \/><\/a><\/td>\n<\/tr>\n<\/tbody>\n<\/table>\n<table border=\"0\" width=\"668\">\n<tbody>\n<tr>\n<td width=\"625\"><a href=\"https:\/\/www.ifac.org\/\" target=\"_blank\" rel=\"noopener\">International Federation of Accountants<\/a><\/td>\n<td align=\"center\"><a href=\"https:\/\/www.ifac.org\/\" target=\"_blank\" rel=\"noopener\"><img loading=\"lazy\" decoding=\"async\" src=\"http:\/\/ceccar.ro\/ro\/wp-content\/uploads\/2016\/10\/IFAC1.png\" alt=\"\" width=\"116\" height=\"70\" \/><\/a><\/td>\n<\/tr>\n<tr>\n<td>\u00a0<a href=\"https:\/\/www.accountancyeurope.eu\/\" target=\"_blank\" rel=\"noopener\">Accountancy Europe<\/a><\/td>\n<td align=\"center\"><a href=\"https:\/\/www.accountancyeurope.eu\/\" target=\"_blank\" rel=\"noopener\"><img loading=\"lazy\" decoding=\"async\" src=\"http:\/\/ceccar.ro\/ro\/wp-content\/uploads\/2017\/01\/ACE.png\" alt=\"\" width=\"155\" height=\"63\" \/><\/a><\/td>\n<\/tr>\n<tr>\n<td>\n<address><a href=\"http:\/\/fidef.org\/\" target=\"_blank\" rel=\"noopener\">F\u00e9d\u00e9ration Internationale Des Experts-comptables et commissaires aux <\/a><\/address>\n<address><a href=\"http:\/\/fidef.org\/\" target=\"_blank\" rel=\"noopener\">comptes Francophones<\/a><\/address>\n<\/td>\n<td align=\"center\"><a href=\"http:\/\/fidef.org\/\" target=\"_blank\" rel=\"noopener\"><img loading=\"lazy\" decoding=\"async\" src=\"http:\/\/ceccar.ro\/ro\/wp-content\/uploads\/2016\/10\/logofidef.jpg\" alt=\"\" width=\"107\" height=\"71\" \/><\/a><\/td>\n<\/tr>\n<tr>\n<td><a href=\"http:\/\/www.cilea.info\/\" target=\"_blank\" rel=\"noopener\">Comit\u00e9 de Integraci\u00f3n Latino Europa-Am\u00e9rica<\/a><\/td>\n<td align=\"center\"><a href=\"http:\/\/www.cilea.info\/\" target=\"_blank\" rel=\"noopener\"><img loading=\"lazy\" decoding=\"async\" src=\"http:\/\/ceccar.ro\/ro\/wp-content\/uploads\/2016\/10\/CILEA.jpg\" alt=\"\" width=\"85\" height=\"85\" \/><\/a><\/td>\n<\/tr>\n<tr>\n<td><a href=\"http:\/\/www.ifrs.org\/About-us\/IASB\/Pages\/Home.aspx\" target=\"_blank\" rel=\"noopener\">International Accounting Standards Board<\/a><\/td>\n<td align=\"center\"><a href=\"http:\/\/www.ifrs.org\/About-us\/IASB\/Pages\/Home.aspx\" target=\"_blank\" rel=\"noopener\"><img loading=\"lazy\" decoding=\"async\" src=\"http:\/\/ceccar.ro\/ro\/wp-content\/uploads\/2016\/10\/logo.png\" alt=\"\" width=\"184\" height=\"44\" \/><\/a><\/td>\n<\/tr>\n<tr>\n<td><a href=\"http:\/\/www.iaaer.org\/\" target=\"_blank\" rel=\"noopener\">International Association for Accounting Education &amp; Research<\/a><\/td>\n<td align=\"center\"><a href=\"http:\/\/www.iaaer.org\/\" target=\"_blank\" rel=\"noopener\"><img loading=\"lazy\" decoding=\"async\" src=\"http:\/\/ceccar.ro\/ro\/wp-content\/uploads\/2016\/10\/iaaer_top_small-e04406522afb99ea2b29154ba5e3d136.png\" alt=\"\" width=\"218\" height=\"29\" \/><\/a><\/td>\n<\/tr>\n<tr>\n<td><a href=\"http:\/\/www.ecgi.org\/\" target=\"_blank\" rel=\"noopener\">European Corporate Governance Institute<\/a><\/td>\n<td align=\"center\"><a href=\"http:\/\/www.ecgi.org\/\" target=\"_blank\" rel=\"noopener\"><img loading=\"lazy\" decoding=\"async\" src=\"http:\/\/ceccar.ro\/ro\/wp-content\/uploads\/2016\/10\/large_ECGI-logo-4letterandtext.jpg\" alt=\"\" width=\"143\" height=\"48\" \/><\/a><\/td>\n<\/tr>\n<tr>\n<td><a href=\"http:\/\/www.accaglobal.com\/gb\/en.html\" target=\"_blank\" rel=\"noopener\">The Association of Chartered Certified Accountants<\/a><\/td>\n<td align=\"center\"><a href=\"http:\/\/www.accaglobal.com\/gb\/en.html\" target=\"_blank\" rel=\"noopener\"><img loading=\"lazy\" decoding=\"async\" src=\"http:\/\/ceccar.ro\/ro\/wp-content\/uploads\/2016\/10\/ACCA.png\" alt=\"\" width=\"86\" height=\"86\" \/><\/a><\/td>\n<\/tr>\n<tr>\n<td><a href=\"http:\/\/www.icaew.com\/\" target=\"_blank\" rel=\"noopener\">Institute of Chartered Accountants in England and Wales<\/a><\/td>\n<td align=\"center\"><a href=\"http:\/\/www.icaew.com\/\" target=\"_blank\" rel=\"noopener\"><img loading=\"lazy\" decoding=\"async\" src=\"http:\/\/ceccar.ro\/ro\/wp-content\/uploads\/2016\/10\/ICAEW_logo.jpg\" alt=\"\" width=\"46\" height=\"92\" \/><\/a><\/td>\n<\/tr>\n<\/tbody>\n<\/table>\n\t<\/div>\n<\/div><div class=\"fw-divider-space space-sm  clearfix\"  ><\/div>\t\t<\/div>\n\t<\/div>\n<\/div><\/div>\n\n\t<\/div>\n\t<\/section>\n","protected":false},"excerpt":{"rendered":"<p>Link-uri utile CECCAR Business Magazine CECCAR FM Editura CECCAR Asocia\u0163ia Interna\u0163ional\u0103 de Fiscalitate, Filiala din Rom\u00e2nia (IFA Rom\u00e2nia) Academia de \u015etiin\u0163e \u015fi Tehnici Contabile \u015fi Financiare, filiala din Rom\u00e2nia Consiliul Na\u021bional al \u00centreprinderilor Private Mici [&hellip;]<\/p>\n","protected":false},"author":1,"featured_media":0,"parent":361,"menu_order":0,"comment_status":"closed","ping_status":"closed","template":"visual-builder-template.php","meta":{"footnotes":""},"class_list":["post-1538","page","type-page","status-publish","hentry"],"brizy_media":[],"_links":{"self":[{"href":"https:\/\/ceccargorj.ro\/ro\/wp-json\/wp\/v2\/pages\/1538","targetHints":{"allow":["GET"]}}],"collection":[{"href":"https:\/\/ceccargorj.ro\/ro\/wp-json\/wp\/v2\/pages"}],"about":[{"href":"https:\/\/ceccargorj.ro\/ro\/wp-json\/wp\/v2\/types\/page"}],"author":[{"embeddable":true,"href":"https:\/\/ceccargorj.ro\/ro\/wp-json\/wp\/v2\/users\/1"}],"replies":[{"embeddable":true,"href":"https:\/\/ceccargorj.ro\/ro\/wp-json\/wp\/v2\/comments?post=1538"}],"version-history":[{"count":6,"href":"https:\/\/ceccargorj.ro\/ro\/wp-json\/wp\/v2\/pages\/1538\/revisions"}],"predecessor-version":[{"id":1736,"href":"https:\/\/ceccargorj.ro\/ro\/wp-json\/wp\/v2\/pages\/1538\/revisions\/1736"}],"up":[{"embeddable":true,"href":"https:\/\/ceccargorj.ro\/ro\/wp-json\/wp\/v2\/pages\/361"}],"wp:attachment":[{"href":"https:\/\/ceccargorj.ro\/ro\/wp-json\/wp\/v2\/media?parent=1538"}],"curies":[{"name":"wp","href":"https:\/\/api.w.org\/{rel}","templated":true}]}}