{"id":1054,"date":"2018-11-21T12:06:50","date_gmt":"2018-11-21T10:06:50","guid":{"rendered":"https:\/\/ceccararad.ro\/ro\/?page_id=1054"},"modified":"2021-01-08T14:05:38","modified_gmt":"2021-01-08T12:05:38","slug":"taxe-si-cotizatii-2","status":"publish","type":"page","link":"https:\/\/ceccargorj.ro\/ro\/membri\/sunt-membru-ceccar\/taxe-si-cotizatii-2\/","title":{"rendered":"Obtinere viza"},"content":{"rendered":"<section   class=\"fw-main-row  auto  fw-section-position-back\"    >\n\t\t\t<div class=\"fw-container\" >\n\t\t<div class=\"fw-row\">\n\t<div id=\"column-69e01485c3869\" class=\"fw-col-sm-12 tf-sh-4bf7de7076824fb4c351a6d1039d0743\" >\n\t<div class=\"fw-wrap-col-inner clearfix  \"   >\n\t\t\t\t<div class=\"fw-col-inner\">\n\t\t\t<div class=\"fw-text-box tf-sh-b4a496c23a94b122350f1c9e2210e50c \" >\n\t<div class=\"fw-text-inner\">\n\t\t<p><strong><span style=\"font-size: 12pt;\">Informa\u021bii ob\u021binere viz\u0103, taxe \u0219i cotiza\u021bii profesionale<br \/><\/span><\/strong><\/p>\n\t<\/div>\n<\/div><div class=\"fw-divider-space space-sm  clearfix\"  ><\/div><div class=\"tf-sh-435841a89aa1e8b5e1a52a967d0eb145 fw-tabs fw-tabs-minimal fw-tabs-top \" >\n\t<ul class=\"nav nav-tabs nav-justified\">\n\t\t\t\t\t<li class=\"active\">\n\t\t\t\t<a href=\"#tab-cont-435841a89aa1e8b5e1a52a967d0eb145-1\" data-toggle=\"tab\">\n\t\t\t\t\t\n\t\t\t\t\t\t\t\t\t\t<span>Taxele de \u00eenscriere \u00een Tabloul Corpului <\/span>\n\t\t\t\t<\/a>\n\t\t\t<\/li>\n\t\t\t\t\t\t\t\t<li >\n\t\t\t\t<a href=\"#tab-cont-435841a89aa1e8b5e1a52a967d0eb145-2\" data-toggle=\"tab\">\n\t\t\t\t\t\n\t\t\t\t\t\t\t\t\t\t<span>Cotizatii profesionale anuale<\/span>\n\t\t\t\t<\/a>\n\t\t\t<\/li>\n\t\t\t\t\t\t\t\t<li >\n\t\t\t\t<a href=\"#tab-cont-435841a89aa1e8b5e1a52a967d0eb145-3\" data-toggle=\"tab\">\n\t\t\t\t\t\n\t\t\t\t\t\t\t\t\t\t<span>Declaratii necesare obtinerii vizei<\/span>\n\t\t\t\t<\/a>\n\t\t\t<\/li>\n\t\t\t\t\t\t\t\t<li >\n\t\t\t\t<a href=\"#tab-cont-435841a89aa1e8b5e1a52a967d0eb145-4\" data-toggle=\"tab\">\n\t\t\t\t\t\n\t\t\t\t\t\t\t\t\t\t<span>Rapoarte anuale de activitate<\/span>\n\t\t\t\t<\/a>\n\t\t\t<\/li>\n\t\t\t\t\t\t\t\t<li >\n\t\t\t\t<a href=\"#tab-cont-435841a89aa1e8b5e1a52a967d0eb145-5\" data-toggle=\"tab\">\n\t\t\t\t\t\n\t\t\t\t\t\t\t\t\t\t<span>Reglement\u0103ri privind acordarea vizei \u015fi plata cotiza\u0163iilor profesionale<\/span>\n\t\t\t\t<\/a>\n\t\t\t<\/li>\n\t\t\t\t\t\t<\/ul>\n\n\t<div class=\"tab-content clearfix\">\n\t\t\t\t\t<div id=\"tab-cont-435841a89aa1e8b5e1a52a967d0eb145-1\"\n\t\t\t     class=\"tab-pane fade in active\">\n\t\t\t\t\n\t\t\t\t\t\t\t\t\t<ul><li style=\"text-align: justify;\">exper\u021bi contabili: 40 Euro<\/li><li style=\"text-align: justify;\">contabili autoriza\u021bi: 20 Euro<\/li><li style=\"text-align: justify;\">societ\u0103\u021bi expertiz\u0103 cu capital autohton: 150 Euro<\/li><li style=\"text-align: justify;\">societ\u0103\u021bi de contabilitate cu capital autohton: 125 Euro<\/li><li style=\"text-align: justify;\">societ\u0103\u021bi cu capital mixt: 400 Euro<\/li><li style=\"text-align: justify;\">societ\u0103\u021bi cu capital str\u0103in: 500 Euro<\/li><\/ul>\t\t\t\t\t\t\t<\/div>\n\t\t\t\t\t\t<div id=\"tab-cont-435841a89aa1e8b5e1a52a967d0eb145-2\"\n\t\t\t     class=\"tab-pane fade \">\n\t\t\t\t\n\t\t\t\t\t\t\t\t\t<table width=\"984\"><tbody><tr><td style=\"text-align: center; width: 624px;\"><strong>COTIZATII PROFESIONALE<\/strong><\/td><td style=\"text-align: center; width: 97px;\"><strong>Cuantumul cotizatiilor la plata integrala pana la <\/strong><strong>28 februarie 2020<\/strong><\/td><td style=\"text-align: center; width: 112px;\"><strong>Cuantumul cotizatiilor la plata integrala in perioada 01.03.2020 - <\/strong><strong>30 09.2020<\/strong><\/td><td style=\"text-align: center; width: 123px;\"><strong>Penalitati calculate la soldul din cotizatia fixa in perioada 01.10.2020 - 31.12.2020<\/strong><\/td><\/tr><tr><td style=\"width: 624px;\"><strong>Experti contabili \u2013 cotizatii fixe<\/strong><\/td><td style=\"width: 97px;\"><\/td><td style=\"width: 112px;\"><\/td><td style=\"width: 123px;\" rowspan=\"19\">&nbsp;<\/p><p>&nbsp;<\/p><p>&nbsp;<\/p><p>&nbsp;<\/p><p>&nbsp;<\/p><p>&nbsp;<\/p><p>&nbsp;<\/p><p>&nbsp;<\/p><p>&nbsp;<\/p><p>&nbsp;<\/p><p>&nbsp;<\/p><p style=\"text-align: center;\">Penalitate 25% calculata la soldul cotizatiei fixe la 30 septembrie<\/p><\/td><\/tr><tr><td style=\"width: 624px;\">Liber profesionisti (cu viza si parafa)<\/td><td style=\"text-align: center; width: 97px;\">700<\/td><td style=\"text-align: center; width: 112px;\">800<\/td><\/tr><tr><td style=\"width: 624px;\">Angajati in alte entitati decat cele membre CECCAR, care <strong>nu<\/strong> exercita profesia (fara viza si fara parafa)<\/td><td style=\"text-align: center; width: 97px;\">500<\/td><td style=\"text-align: center; width: 112px;\">600<\/td><\/tr><tr><td style=\"width: 624px;\">Administratori\/asociati in societati membre CECCAR, care exercita profesia atat individual cat si prin societate (cu viza si parafa)<\/td><td style=\"text-align: center; width: 97px;\">600<\/td><td style=\"text-align: center; width: 112px;\">800<\/td><\/tr><tr><td style=\"width: 624px;\">Administratori\/asociati in societati membre CECCAR care <strong>nu <\/strong>exercita individual profesia, ci numai prin societate (cu viza si fara parafa)<\/td><td style=\"text-align: center; width: 97px;\">500<\/td><td style=\"text-align: center; width: 112px;\">600<\/td><\/tr><tr><td style=\"width: 624px;\">Angajati in societati membre CECCAR cu norma intreaga, care exercita si individual profesia (cu viza si parafa)<\/td><td style=\"text-align: center; width: 97px;\">700<\/td><td style=\"text-align: center; width: 112px;\">800<\/td><\/tr><tr><td style=\"width: 624px;\">Angajati in societati membre CECCAR cu norma intreaga care <strong>nu<\/strong> exercita individual profesia (fara viza si fara parafa)<\/td><td style=\"text-align: center; width: 97px;\">400<\/td><td style=\"text-align: center; width: 112px;\">500<\/td><\/tr><tr><td style=\"width: 624px;\"><strong>Contabili autorizati\u2013 cotizatii fixe<\/strong><\/td><td style=\"text-align: center; width: 97px;\"><\/td><td style=\"text-align: center; width: 112px;\"><\/td><\/tr><tr><td style=\"width: 624px;\">Liber profesionisti (cu viza si parafa)<\/td><td style=\"text-align: center; width: 97px;\">570<\/td><td style=\"text-align: center; width: 112px;\">670<\/td><\/tr><tr><td style=\"width: 624px;\">Angajati in alte entitati decat cele membre CECCAR, care <strong>nu<\/strong> exercita profesia (fara viza si fara parafa)<\/td><td style=\"text-align: center; width: 97px;\">300<\/td><td style=\"text-align: center; width: 112px;\">400<\/td><\/tr><tr><td style=\"width: 624px;\">Administratori\/asociati in societati membre CECCAR, care exercita profesia atat individual cat si prin societate (cu viza si parafa)<\/td><td style=\"text-align: center; width: 97px;\">570<\/td><td style=\"text-align: center; width: 112px;\">670<\/td><\/tr><tr><td style=\"width: 624px;\">Administratori\/asociati in societati membre CECCAR care <strong>nu <\/strong>exercita individual profesia, ci numai prin societate (cu viza si fara parafa)<\/td><td style=\"text-align: center; width: 97px;\">300<\/td><td style=\"text-align: center; width: 112px;\">400<\/td><\/tr><tr><td style=\"width: 624px;\">Angajati in societati membre CECCAR cu norma intreaga, care exercita si individual profesia (cu viza si parafa)<\/td><td style=\"text-align: center; width: 97px;\">570<\/td><td style=\"text-align: center; width: 112px;\">670<\/td><\/tr><tr><td style=\"width: 624px;\">Angajati in societati membre CECCAR cu norma intreaga care <strong>nu<\/strong> exercita individual profesia (fara viza si fara parafa)<\/td><td style=\"text-align: center; width: 97px;\">250<\/td><td style=\"text-align: center; width: 112px;\">350<\/td><\/tr><tr><td style=\"width: 624px;\"><strong>Societati de expertiza contabila si societati de contabilitate \u2013 cotizatii fixe<\/strong><\/td><td style=\"text-align: center; width: 97px;\"><\/td><td style=\"text-align: center; width: 112px;\"><\/td><\/tr><tr><td style=\"width: 624px;\">Cu cifra totala de afaceri sub 100.000 euro<\/td><td style=\"text-align: center; width: 97px;\">700<\/td><td style=\"text-align: center; width: 112px;\">700<\/td><\/tr><tr><td style=\"width: 624px;\">Cu cifra totala de afaceri peste 100.000 euro<\/td><td style=\"text-align: center; width: 97px;\">800<\/td><td style=\"text-align: center; width: 112px;\">800<\/td><\/tr><tr><td style=\"width: 624px;\">Experti contabili si contabili autorizati inactivi \u2013 prezentare anuala adeverinta de incadrare in lege speciala (imposibilitate practicare profesie)<\/td><td style=\"text-align: center; width: 97px;\">150<\/td><td style=\"text-align: center; width: 112px;\">250<\/td><\/tr><tr><td style=\"width: 624px;\">Membri aflati in concediu de crestere copil, a concediului de acomodare a minorului sau detasare\/angajare in strainatate \u2013 prezentare documentatie necesara de incadrare in aceasta categorie<\/td><td style=\"text-align: center; width: 97px;\">150<\/td><td style=\"text-align: center; width: 112px;\">250<\/td><\/tr><tr><td style=\"width: 624px;\">Cotizatia variabila experti contabili, contabili autorizati si societati<\/td><td style=\"text-align: center; width: 97px;\">0.75%<\/td><td style=\"text-align: center; width: 112px;\">1.20%<\/td><td style=\"width: 123px;\"><\/td><\/tr><tr><td style=\"width: 974px;\" colspan=\"4\">Membri de onoare\/Presedintii de onoare sunt scutiti de cotizatia fixa doar daca acestia nu-si exercita profesia ca individual sau prin intermediul unei societati de expertiza sau societati de contabilitate cu viza anuala de exercitare a profesiei<\/td><\/tr><tr><td style=\"width: 974px;\" colspan=\"4\">In cazul in care membrii Corpului \u2013persoane fizice, societati de expertiza contabila si societati de contabilitate, nu depun Declaratia privind modul de exercitare a profesiei pe anul in curs pana la 30 septembrie a anului curent, acestia vor fi debitati cu urmatoarele cotizatii:<\/p><p>-800 lei\/an pentru persoanele fizice;<\/p><p>-800 lei\/an pentru persoanele juridice, societati de contabilitate sau societati de expertiza contabila.<\/p><p>Suplimentar fata de sumele de mai sus se vor calcula penalitati de 25 %.<\/td><\/tr><tr><td style=\"width: 974px;\" colspan=\"4\"><strong>Membri experti contabili si contabili autorizati care achita cotizatia fixa anuala, beneficiaza gratuit, doar pentru anul aferent cotizatiei, de cursurile de pregatire profesionala continua.<\/strong><\/td><\/tr><\/tbody><\/table>\t\t\t\t\t\t\t<\/div>\n\t\t\t\t\t\t<div id=\"tab-cont-435841a89aa1e8b5e1a52a967d0eb145-3\"\n\t\t\t     class=\"tab-pane fade \">\n\t\t\t\t\n\t\t\t\t\t\t\t\t\t<ul><li><a href=\"https:\/\/ceccargorj.ro\/ro\/wp-content\/uploads\/2019\/11\/13-PF-DeclaratieAsigurareProfesionala.pdf\">Declaratie privind polita de asigurare<\/a><\/li><li><a href=\"https:\/\/ceccargorj.ro\/ro\/wp-content\/uploads\/2019\/03\/Declaratie-cazier.pdf\" target=\"_blank\" rel=\"noopener\">Declaratie cazier<\/a><\/li><li><a href=\"https:\/\/ceccargorj.ro\/ro\/wp-content\/uploads\/2019\/03\/Declaratie-capacitate-deplina.pdf\" target=\"_blank\" rel=\"noopener\">Declaratie de capacitate de exercitiu deplina<\/a><\/li><\/ul>\t\t\t\t\t\t\t<\/div>\n\t\t\t\t\t\t<div id=\"tab-cont-435841a89aa1e8b5e1a52a967d0eb145-4\"\n\t\t\t     class=\"tab-pane fade \">\n\t\t\t\t\n\t\t\t\t\t\t\t\t\t<p style=\"text-align: justify;\">Reg\u0103si\u021bi mai jos formularul Raport de activitate pentru anul 2018, cu men\u021biunea c\u0103 acesta se va completa electronic \u0219i\u00a0<strong>se va depune exclusiv on-line \u00een platforma <a href=\"https:\/\/raport.ceccar.ro\">raport.ceccar.ro<\/a>, utiliz\u00e2nd acelea\u0219i date de logare comunicate \u00een anul 2018.\u00a0<\/strong>\u00a0Raportul se consider\u0103 \u00eenc\u0103rcat dup\u0103 finalizarea tuturor pa\u0219ilor \u0219i emiterea confirm\u0103rii de \u00eenc\u0103rcare.<\/p><p style=\"text-align: justify;\">Cotiza\u021biile se genereaz\u0103 automat prin Nota de plat\u0103 din raportul de activitate, \u00een func\u021bie de categoria profesional\u0103 declarat\u0103 de fiecare membru.<\/p><p style=\"text-align: justify;\"><strong>V\u0103 inform\u0103m c\u0103 rapoartele depuse fizic la CECCAR Filiala Bucure\u0219ti, transmise prin e-mail sau prin Po\u0219ta Rom\u00e2n\u0103 \/ curier nu vor fi luate \u00een considerare.<\/strong><\/p><p style=\"text-align: justify;\">Men\u021bion\u0103m c\u0103 membrii care nu \u0219i-au depus Raportul de activitate pentru anul 2017 pe platforma raport.ceccar.ro, vor putea \u00eenc\u0103rca Raportul de activitate pentru anul 2018, doar dup\u0103 \u00eenc\u0103rcarea\u00a0 \u00a0Raportului de activitate pentru anul 2017.<\/p><p style=\"text-align: justify;\">Hot\u0103r\u00e2rea Consiliului Superior al CECCAR nr. 19\/491 din data de 18.01.2019 prevede aprobarea men\u021binerii facilit\u0103\u021bilor financiare acordate membrilor Corpului pentru plata cotiza\u021biei, valabile \u00een anul 2018, \u0219i pentru anul 2019.<\/p><p style=\"text-align: justify;\"><strong>Termenul limit\u0103 de transmitere a raportului de activitate este 23 februarie 2019.<\/strong><\/p><ul><li style=\"text-align: justify;\"><a href=\"https:\/\/ceccargorj.ro\/ro\/wp-content\/uploads\/2019\/03\/RAP_2018_PF_1mar.pdf\" target=\"_blank\" rel=\"noopener noreferrer\"><strong>Raport Persoane fizice 2018<\/strong><\/a><\/li><li style=\"text-align: justify;\"><strong><a href=\"https:\/\/ceccargorj.ro\/ro\/wp-content\/uploads\/2019\/03\/INSTRUCTIUNI-DE-COMPLETARE-PF_compressed.pdf\" target=\"_blank\" rel=\"noopener noreferrer\">Instructiuni de completare PF<\/a><\/strong><\/li><li style=\"text-align: justify;\"><strong><a href=\"https:\/\/ceccargorj.ro\/ro\/wp-content\/uploads\/2019\/03\/RAP_2018_PJ_1mar.pdf\" target=\"_blank\" rel=\"noopener noreferrer\">Raport Persoane juridice 2018<\/a><\/strong><\/li><li style=\"text-align: justify;\"><strong><a href=\"https:\/\/ceccargorj.ro\/ro\/wp-content\/uploads\/2019\/03\/INSTRUCTIUNI-DE-COMPLETARE-PJ_compressed.pdf\" target=\"_blank\" rel=\"noopener noreferrer\">Instructiuni de completare PJ<\/a><\/strong><\/li><\/ul><p style=\"text-align: justify;\">Administratorii\/Asociatii din cadrul societatilor autorizate trebuie sa depuna Raport de activitate atat\u00a0pe societate cat si ca persoana fizica!<\/p>\t\t\t\t\t\t\t<\/div>\n\t\t\t\t\t\t<div id=\"tab-cont-435841a89aa1e8b5e1a52a967d0eb145-5\"\n\t\t\t     class=\"tab-pane fade \">\n\t\t\t\t\n\t\t\t\t\t\t\t\t\t<ul><li><a href=\"https:\/\/ceccargorj.ro\/ro\/wp-content\/uploads\/2019\/10\/Metodologia-de-acordare-a-vizei-anuale-pentru-exercitarea-profesiei-2019.pdf\">Metodologia de acordare a vizei anuale pentru exercitarea profesiei \u2013 2019<\/a><\/li><li><a href=\"https:\/\/ceccargorj.ro\/ro\/wp-content\/uploads\/2019\/11\/Sistemul-de-cotizatii-\u00een-cadrul-CECCAR-2019.pdf\">Sistemul de cotiza\u0163ii \u00een cadrul CECCAR - 2019<\/a><\/li><li><a href=\"https:\/\/ceccargorj.ro\/ro\/wp-content\/uploads\/2019\/11\/Metodolog_stabilire-cotizatii-membru.pdf\">Metodologia de stabilire a cotiza\u0163iilor de membru<\/a><\/li><\/ul>\t\t\t\t\t\t\t<\/div>\n\t\t\t\t<\/div>\n<\/div><div class=\"fw-divider-space space-sm  clearfix\"  ><\/div>\t\t<\/div>\n\t<\/div>\n<\/div><\/div>\n\n\t<\/div>\n\t<\/section>\n","protected":false},"excerpt":{"rendered":"<p>Informa\u021bii ob\u021binere viz\u0103, taxe \u0219i cotiza\u021bii profesionale Taxele de \u00eenscriere \u00een Tabloul Corpului Cotizatii profesionale anuale Declaratii necesare obtinerii vizei Rapoarte anuale de activitate Reglement\u0103ri privind acordarea vizei \u015fi plata cotiza\u0163iilor profesionale exper\u021bi contabili: 40 [&hellip;]<\/p>\n","protected":false},"author":1,"featured_media":0,"parent":310,"menu_order":0,"comment_status":"closed","ping_status":"closed","template":"visual-builder-template.php","meta":{"footnotes":""},"class_list":["post-1054","page","type-page","status-publish","hentry"],"brizy_media":[],"_links":{"self":[{"href":"https:\/\/ceccargorj.ro\/ro\/wp-json\/wp\/v2\/pages\/1054","targetHints":{"allow":["GET"]}}],"collection":[{"href":"https:\/\/ceccargorj.ro\/ro\/wp-json\/wp\/v2\/pages"}],"about":[{"href":"https:\/\/ceccargorj.ro\/ro\/wp-json\/wp\/v2\/types\/page"}],"author":[{"embeddable":true,"href":"https:\/\/ceccargorj.ro\/ro\/wp-json\/wp\/v2\/users\/1"}],"replies":[{"embeddable":true,"href":"https:\/\/ceccargorj.ro\/ro\/wp-json\/wp\/v2\/comments?post=1054"}],"version-history":[{"count":18,"href":"https:\/\/ceccargorj.ro\/ro\/wp-json\/wp\/v2\/pages\/1054\/revisions"}],"predecessor-version":[{"id":4316,"href":"https:\/\/ceccargorj.ro\/ro\/wp-json\/wp\/v2\/pages\/1054\/revisions\/4316"}],"up":[{"embeddable":true,"href":"https:\/\/ceccargorj.ro\/ro\/wp-json\/wp\/v2\/pages\/310"}],"wp:attachment":[{"href":"https:\/\/ceccargorj.ro\/ro\/wp-json\/wp\/v2\/media?parent=1054"}],"curies":[{"name":"wp","href":"https:\/\/api.w.org\/{rel}","templated":true}]}}